{"id":1463,"date":"2025-06-12T15:17:55","date_gmt":"2025-06-12T15:17:55","guid":{"rendered":"https:\/\/smartagency.site\/?page_id=1463"},"modified":"2025-07-12T13:04:58","modified_gmt":"2025-07-12T13:04:58","slug":"agence-marketing-marketing-digital-agence-digitale-solutions-marketing-strategie-digitale","status":"publish","type":"page","link":"https:\/\/smartagency.site\/fr\/","title":{"rendered":"ACCUEIL"},"content":{"rendered":"<div data-elementor-type=\"wp-post\" data-elementor-id=\"1463\" class=\"elementor elementor-1463\">\n\t\t\t\t<div class=\"elementor-element elementor-element-8bcd764 e-flex e-con-boxed elementor-invisible e-con e-parent\" data-id=\"8bcd764\" data-element_type=\"container\" data-settings=\"{&quot;background_background&quot;:&quot;classic&quot;,&quot;animation&quot;:&quot;fadeIn&quot;}\">\n\t\t\t\t\t<div class=\"e-con-inner\">\n\t\t<div class=\"elementor-element elementor-element-3211a19 e-con-full e-flex e-con e-child\" data-id=\"3211a19\" data-element_type=\"container\">\n\t\t\t\t<div class=\"elementor-element elementor-element-1cd09d4 elementor-widget elementor-widget-heading\" data-id=\"1cd09d4\" data-element_type=\"widget\" data-widget_type=\"heading.default\">\n\t\t\t\t<div class=\"elementor-widget-container\">\n\t\t\t\t\t<h4 class=\"elementor-heading-title elementor-size-default\">Votre succ\u00e8s digital commence ici <\/h4>\t\t\t\t<\/div>\n\t\t\t\t<\/div>\n\t\t\t\t<div class=\"elementor-element elementor-element-5e9b6ee elementor-invisible elementor-widget elementor-widget-heading\" data-id=\"5e9b6ee\" data-element_type=\"widget\" data-settings=\"{&quot;_animation&quot;:&quot;fadeInUp&quot;}\" data-widget_type=\"heading.default\">\n\t\t\t\t<div class=\"elementor-widget-container\">\n\t\t\t\t\t<h1 class=\"elementor-heading-title elementor-size-default\">Nous construisons votre pr\u00e9sence digitale<\/h1>\t\t\t\t<\/div>\n\t\t\t\t<\/div>\n\t\t\t\t<div class=\"elementor-element elementor-element-68cc8a5 elementor-invisible elementor-widget elementor-widget-text-editor\" data-id=\"68cc8a5\" data-element_type=\"widget\" data-settings=\"{&quot;_animation&quot;:&quot;fadeInUp&quot;}\" data-widget_type=\"text-editor.default\">\n\t\t\t\t<div class=\"elementor-widget-container\">\n\t\t\t\t\t\t\t\t\t<p data-start=\"732\" data-end=\"808\">Des solutions personnalis\u00e9es pour booster votre visibilit\u00e9 et vos r\u00e9sultats.<\/p><p data-start=\"732\" data-end=\"808\"><span style=\"font-size: 16px;\">De la strat\u00e9gie \u00e0 l\u2019ex\u00e9cution : nous vous accompagnons dans chaque \u00e9tape\u00a0<\/span><\/p><p data-start=\"732\" data-end=\"808\"><span style=\"font-size: 16px;\"> \u00a0de votre transformation digitale.<\/span><\/p>\t\t\t\t\t\t\t\t<\/div>\n\t\t\t\t<\/div>\n\t\t\t\t<div class=\"elementor-element elementor-element-cbfbcfc elementor-mobile-align-center elementor-widget elementor-widget-latepoint_book_button\" data-id=\"cbfbcfc\" data-element_type=\"widget\" data-widget_type=\"latepoint_book_button.default\">\n\t\t\t\t<div class=\"elementor-widget-container\">\n\t\t\t\t\t<div class=\"latepoint-book-button-wrapper elementor-button-wrapper\"><a href=\"#\" class=\"latepoint-book-button os_trigger_booking elementor-button elementor-button-link elementor-size-sm\" data-hide-side-panel=\"no\" data-hide-summary=\"no\" >D\u00e9marrer votre projet<\/a><\/div>\t\t\t\t<\/div>\n\t\t\t\t<\/div>\n\t\t\t\t<\/div>\n\t\t<div class=\"elementor-element elementor-element-70fdbc1 e-con-full e-flex e-con e-child\" data-id=\"70fdbc1\" data-element_type=\"container\">\n\t\t\t\t<\/div>\n\t\t\t\t\t<\/div>\n\t\t\t\t<\/div>\n\t\t<div class=\"elementor-element elementor-element-3445653 e-flex e-con-boxed e-con e-parent\" data-id=\"3445653\" data-element_type=\"container\" data-settings=\"{&quot;background_background&quot;:&quot;classic&quot;}\">\n\t\t\t\t\t<div class=\"e-con-inner\">\n\t\t<div class=\"elementor-element elementor-element-a2a0548 e-con-full e-flex e-con e-child\" data-id=\"a2a0548\" data-element_type=\"container\">\n\t\t\t\t<div class=\"elementor-element elementor-element-2d55704 elementor-widget elementor-widget-heading\" data-id=\"2d55704\" data-element_type=\"widget\" data-widget_type=\"heading.default\">\n\t\t\t\t<div class=\"elementor-widget-container\">\n\t\t\t\t\t<h2 class=\"elementor-heading-title elementor-size-default\">Choisissez votre service<\/h2>\t\t\t\t<\/div>\n\t\t\t\t<\/div>\n\t\t\t\t<\/div>\n\t\t<div class=\"elementor-element elementor-element-ef722fb e-con-full e-flex e-con e-child\" data-id=\"ef722fb\" data-element_type=\"container\">\n\t\t<div class=\"elementor-element elementor-element-b9c5d57 e-con-full e-flex elementor-invisible e-con e-child\" data-id=\"b9c5d57\" data-element_type=\"container\" data-settings=\"{&quot;background_background&quot;:&quot;classic&quot;,&quot;animation&quot;:&quot;zoomIn&quot;}\">\n\t\t\t\t<div class=\"elementor-element elementor-element-7bf9561 elementor-widget elementor-widget-hfe-infocard\" data-id=\"7bf9561\" data-element_type=\"widget\" data-widget_type=\"hfe-infocard.default\">\n\t\t\t\t<div class=\"elementor-widget-container\">\n\t\t\t\t\t\n\t\t<div class=\"hfe-infocard\">\n\t\t\t\t\t\t<div class=\"hfe-icon-wrap\">\n\t\t\t\t<span class=\"hfe-icon\">\n\t\t\t\t\t<i aria-hidden=\"true\" class=\"far fa-lightbulb\"><\/i>\t\t\t\t<\/span>\n\t\t\t<\/div>\n\t\t\t\t\t\t\t\t\t<div class=\"hfe-infocard-title-wrap\">\n\t\t\t\t<h4 class=\"hfe-infocard-title elementor-inline-editing\" data-elementor-setting-key=\"infocard_title\" data-elementor-inline-editing-toolbar=\"basic\" > Social Media Management <\/h4>\t\t\t<\/div>\n\t\t\t\t\t\t<div class=\"hfe-infocard-text-wrap\">\n\t\t\t\t<div class=\"hfe-infocard-text elementor-inline-editing\" data-elementor-setting-key=\"infocard_description\" data-elementor-inline-editing-toolbar=\"advanced\">\n\t\t\t\t\t\u2705 Ce que nous proposons :\n\nCr\u00e9ation de calendrier \u00e9ditorial\n\nCr\u00e9ation de visuels et vid\u00e9os adapt\u00e9s\n\nGestion et animation quotidienne des comptes\n\nSuivi des statistiques et optimisation\t\t\t\t<\/div>\n\t\t\t\t\t\t\t<\/div>\n\t\t<\/div>\n\n\t\t\t\t\t\t<\/div>\n\t\t\t\t<\/div>\n\t\t\t\t<\/div>\n\t\t<div class=\"elementor-element elementor-element-c7e050f e-con-full e-flex elementor-invisible e-con e-child\" data-id=\"c7e050f\" data-element_type=\"container\" data-settings=\"{&quot;background_background&quot;:&quot;classic&quot;,&quot;animation&quot;:&quot;zoomIn&quot;}\">\n\t\t\t\t<div class=\"elementor-element elementor-element-24ad319 elementor-widget elementor-widget-hfe-infocard\" data-id=\"24ad319\" data-element_type=\"widget\" data-widget_type=\"hfe-infocard.default\">\n\t\t\t\t<div class=\"elementor-widget-container\">\n\t\t\t\t\t\n\t\t<div class=\"hfe-infocard\">\n\t\t\t\t\t\t<div class=\"hfe-icon-wrap\">\n\t\t\t\t<span class=\"hfe-icon\">\n\t\t\t\t\t<i aria-hidden=\"true\" class=\"fas fa-store\"><\/i>\t\t\t\t<\/span>\n\t\t\t<\/div>\n\t\t\t\t\t\t\t\t\t<div class=\"hfe-infocard-title-wrap\">\n\t\t\t\t<h4 class=\"hfe-infocard-title elementor-inline-editing\" data-elementor-setting-key=\"infocard_title\" data-elementor-inline-editing-toolbar=\"basic\" >Cr\u00e9ation de Boutiques<\/h4>\t\t\t<\/div>\n\t\t\t\t\t\t<div class=\"hfe-infocard-text-wrap\">\n\t\t\t\t<div class=\"hfe-infocard-text elementor-inline-editing\" data-elementor-setting-key=\"infocard_description\" data-elementor-inline-editing-toolbar=\"advanced\">\n\t\t\t\t\t \u2705 Ce que nous proposons :\n\nCr\u00e9ation de boutique avec paiement en ligne\n\nFiches produits optimis\u00e9es\n\nPanier, livraison, codes promo, avis clients\u2026\n\nConnexion \u00e0 Stripe, PayPal, livraisons\u2026\t\t\t\t<\/div>\n\t\t\t\t\t\t\t<\/div>\n\t\t<\/div>\n\n\t\t\t\t\t\t<\/div>\n\t\t\t\t<\/div>\n\t\t\t\t<\/div>\n\t\t<div class=\"elementor-element elementor-element-5e54ada e-con-full e-flex elementor-invisible e-con e-child\" data-id=\"5e54ada\" data-element_type=\"container\" data-settings=\"{&quot;background_background&quot;:&quot;classic&quot;,&quot;animation&quot;:&quot;zoomIn&quot;}\">\n\t\t\t\t<div class=\"elementor-element elementor-element-55aca59 elementor-widget elementor-widget-hfe-infocard\" data-id=\"55aca59\" data-element_type=\"widget\" data-widget_type=\"hfe-infocard.default\">\n\t\t\t\t<div class=\"elementor-widget-container\">\n\t\t\t\t\t\n\t\t<div class=\"hfe-infocard\">\n\t\t\t\t\t\t<div class=\"hfe-icon-wrap\">\n\t\t\t\t<span class=\"hfe-icon\">\n\t\t\t\t\t<i aria-hidden=\"true\" class=\"fas fa-bullhorn\"><\/i>\t\t\t\t<\/span>\n\t\t\t<\/div>\n\t\t\t\t\t\t\t\t\t<div class=\"hfe-infocard-title-wrap\">\n\t\t\t\t<h4 class=\"hfe-infocard-title elementor-inline-editing\" data-elementor-setting-key=\"infocard_title\" data-elementor-inline-editing-toolbar=\"basic\" >Ads and Marketing Campaign<\/h4>\t\t\t<\/div>\n\t\t\t\t\t\t<div class=\"hfe-infocard-text-wrap\">\n\t\t\t\t<div class=\"hfe-infocard-text elementor-inline-editing\" data-elementor-setting-key=\"infocard_description\" data-elementor-inline-editing-toolbar=\"advanced\">\n\t\t\t\t\t\u2705 Ce que nous proposons :\n\nCr\u00e9ation et gestion de campagnes Google\/Facebook Ads\n\nA\/B testing des visuels et messages\n\nRemarketing et audiences personnalis\u00e9es\n\nSuivi des conversions (ROI, CPA, etc.)\t\t\t\t<\/div>\n\t\t\t\t\t\t\t<\/div>\n\t\t<\/div>\n\n\t\t\t\t\t\t<\/div>\n\t\t\t\t<\/div>\n\t\t\t\t<\/div>\n\t\t\t\t<\/div>\n\t\t<div class=\"elementor-element elementor-element-8cf662e e-con-full e-flex e-con e-child\" data-id=\"8cf662e\" data-element_type=\"container\">\n\t\t<div class=\"elementor-element elementor-element-6abb0f1 e-con-full e-flex elementor-invisible e-con e-child\" data-id=\"6abb0f1\" data-element_type=\"container\" data-settings=\"{&quot;background_background&quot;:&quot;classic&quot;,&quot;animation&quot;:&quot;zoomIn&quot;}\">\n\t\t\t\t<div class=\"elementor-element elementor-element-a68e165 elementor-widget elementor-widget-hfe-infocard\" data-id=\"a68e165\" data-element_type=\"widget\" data-widget_type=\"hfe-infocard.default\">\n\t\t\t\t<div class=\"elementor-widget-container\">\n\t\t\t\t\t\n\t\t<div class=\"hfe-infocard\">\n\t\t\t\t\t\t<div class=\"hfe-icon-wrap\">\n\t\t\t\t<span class=\"hfe-icon\">\n\t\t\t\t\t<i aria-hidden=\"true\" class=\"fas fa-search\"><\/i>\t\t\t\t<\/span>\n\t\t\t<\/div>\n\t\t\t\t\t\t\t\t\t<div class=\"hfe-infocard-title-wrap\">\n\t\t\t\t<h4 class=\"hfe-infocard-title elementor-inline-editing\" data-elementor-setting-key=\"infocard_title\" data-elementor-inline-editing-toolbar=\"basic\" > SEO<\/h4>\t\t\t<\/div>\n\t\t\t\t\t\t<div class=\"hfe-infocard-text-wrap\">\n\t\t\t\t<div class=\"hfe-infocard-text elementor-inline-editing\" data-elementor-setting-key=\"infocard_description\" data-elementor-inline-editing-toolbar=\"advanced\">\n\t\t\t\t\t\u2705 Ce que nous proposons :\n\nAudit SEO technique et s\u00e9mantique\n\nOptimisation des pages existantes\n\nCr\u00e9ation de contenus SEO-friendly\n\nNetlinking (backlinks de qualit\u00e9)\n\n\t\t\t\t<\/div>\n\t\t\t\t\t\t\t<\/div>\n\t\t<\/div>\n\n\t\t\t\t\t\t<\/div>\n\t\t\t\t<\/div>\n\t\t\t\t<\/div>\n\t\t<div class=\"elementor-element elementor-element-ce996e1 e-con-full e-flex elementor-invisible e-con e-child\" data-id=\"ce996e1\" data-element_type=\"container\" data-settings=\"{&quot;background_background&quot;:&quot;classic&quot;,&quot;animation&quot;:&quot;zoomIn&quot;}\">\n\t\t\t\t<div class=\"elementor-element elementor-element-fe9c764 elementor-widget elementor-widget-hfe-infocard\" data-id=\"fe9c764\" data-element_type=\"widget\" data-widget_type=\"hfe-infocard.default\">\n\t\t\t\t<div class=\"elementor-widget-container\">\n\t\t\t\t\t\n\t\t<div class=\"hfe-infocard\">\n\t\t\t\t\t\t<div class=\"hfe-icon-wrap\">\n\t\t\t\t<span class=\"hfe-icon\">\n\t\t\t\t\t<i aria-hidden=\"true\" class=\"far fa-credit-card\"><\/i>\t\t\t\t<\/span>\n\t\t\t<\/div>\n\t\t\t\t\t\t\t\t\t<div class=\"hfe-infocard-title-wrap\">\n\t\t\t\t<h4 class=\"hfe-infocard-title elementor-inline-editing\" data-elementor-setting-key=\"infocard_title\" data-elementor-inline-editing-toolbar=\"basic\" >Cr\u00e9ation de Sites Web<\/h4>\t\t\t<\/div>\n\t\t\t\t\t\t<div class=\"hfe-infocard-text-wrap\">\n\t\t\t\t<div class=\"hfe-infocard-text elementor-inline-editing\" data-elementor-setting-key=\"infocard_description\" data-elementor-inline-editing-toolbar=\"advanced\">\n\t\t\t\t\t\u2705 Ce que nous proposons :\n\nSite WordPress 100% personnalis\u00e9\n\nDesign responsive (mobile-friendly)\n\nInt\u00e9gration des formulaires, cartes, vid\u00e9os\u2026\n\nS\u00e9curit\u00e9 et vitesse de chargement optimis\u00e9e\t\t\t\t<\/div>\n\t\t\t\t\t\t\t<\/div>\n\t\t<\/div>\n\n\t\t\t\t\t\t<\/div>\n\t\t\t\t<\/div>\n\t\t\t\t<\/div>\n\t\t<div class=\"elementor-element elementor-element-861f29f e-con-full e-flex elementor-invisible e-con e-child\" data-id=\"861f29f\" data-element_type=\"container\" data-settings=\"{&quot;background_background&quot;:&quot;classic&quot;,&quot;animation&quot;:&quot;zoomIn&quot;}\">\n\t\t\t\t<div class=\"elementor-element elementor-element-5649408 elementor-widget elementor-widget-hfe-infocard\" data-id=\"5649408\" data-element_type=\"widget\" data-widget_type=\"hfe-infocard.default\">\n\t\t\t\t<div class=\"elementor-widget-container\">\n\t\t\t\t\t\n\t\t<div class=\"hfe-infocard\">\n\t\t\t\t\t\t<div class=\"hfe-icon-wrap\">\n\t\t\t\t<span class=\"hfe-icon\">\n\t\t\t\t\t<i aria-hidden=\"true\" class=\"far fa-envelope\"><\/i>\t\t\t\t<\/span>\n\t\t\t<\/div>\n\t\t\t\t\t\t\t\t\t<div class=\"hfe-infocard-title-wrap\">\n\t\t\t\t<h4 class=\"hfe-infocard-title elementor-inline-editing\" data-elementor-setting-key=\"infocard_title\" data-elementor-inline-editing-toolbar=\"basic\" >Email Marketing<\/h4>\t\t\t<\/div>\n\t\t\t\t\t\t<div class=\"hfe-infocard-text-wrap\">\n\t\t\t\t<div class=\"hfe-infocard-text elementor-inline-editing\" data-elementor-setting-key=\"infocard_description\" data-elementor-inline-editing-toolbar=\"advanced\">\n\t\t\t\t\t\u2705 Ce que nous proposons :\n\nCr\u00e9ation de newsletters modernes\n\nCampagnes automatiques (ex : panier abandonn\u00e9)\n\nSegmentation de vos listes\n\nAnalyse des r\u00e9sultats (ouvertures, clics, ventes)\t\t\t\t<\/div>\n\t\t\t\t\t\t\t<\/div>\n\t\t<\/div>\n\n\t\t\t\t\t\t<\/div>\n\t\t\t\t<\/div>\n\t\t\t\t<\/div>\n\t\t\t\t<\/div>\n\t\t\t\t\t<\/div>\n\t\t\t\t<\/div>\n\t\t\t\t<\/div>","protected":false},"excerpt":{"rendered":"<p>Votre succ\u00e8s digital commence ici Nous construisons votre pr\u00e9sence digitale Des solutions personnalis\u00e9es pour booster votre visibilit\u00e9 et vos r\u00e9sultats. De la strat\u00e9gie \u00e0 l\u2019ex\u00e9cution : nous vous accompagnons dans chaque \u00e9tape\u00a0 \u00a0de votre transformation digitale. D\u00e9marrer votre projet Choisissez votre service Social Media Management \u2705 Ce que nous proposons : Cr\u00e9ation de calendrier \u00e9ditorial [&hellip;]<\/p>","protected":false},"author":1,"featured_media":0,"parent":0,"menu_order":0,"comment_status":"closed","ping_status":"closed","template":"","meta":{"_eb_attr":"","_uag_custom_page_level_css":"","site-sidebar-layout":"no-sidebar","site-content-layout":"page-builder","ast-site-content-layout":"full-width-container","site-content-style":"unboxed","site-sidebar-style":"unboxed","ast-global-header-display":"","ast-banner-title-visibility":"","ast-main-header-display":"","ast-hfb-above-header-display":"","ast-hfb-below-header-display":"","ast-hfb-mobile-header-display":"","site-post-title":"disabled","ast-breadcrumbs-content":"","ast-featured-img":"disabled","footer-sml-layout":"","theme-transparent-header-meta":"enabled","adv-header-id-meta":"","stick-header-meta":"","header-above-stick-meta":"","header-main-stick-meta":"","header-below-stick-meta":"","astra-migrate-meta-layouts":"set","ast-page-background-enabled":"default","ast-page-background-meta":{"desktop":{"background-color":"","background-image":"","background-repeat":"repeat","background-position":"center center","background-size":"auto","background-attachment":"scroll","background-type":"","background-media":"","overlay-type":"","overlay-color":"","overlay-opacity":"","overlay-gradient":""},"tablet":{"background-color":"","background-image":"","background-repeat":"repeat","background-position":"center center","background-size":"auto","background-attachment":"scroll","background-type":"","background-media":"","overlay-type":"","overlay-color":"","overlay-opacity":"","overlay-gradient":""},"mobile":{"background-color":"","background-image":"","background-repeat":"repeat","background-position":"center center","background-size":"auto","background-attachment":"scroll","background-type":"","background-media":"","overlay-type":"","overlay-color":"","overlay-opacity":"","overlay-gradient":""}},"ast-content-background-meta":{"desktop":{"background-color":"var(--ast-global-color-5)","background-image":"","background-repeat":"repeat","background-position":"center center","background-size":"auto","background-attachment":"scroll","background-type":"","background-media":"","overlay-type":"","overlay-color":"","overlay-opacity":"","overlay-gradient":""},"tablet":{"background-color":"var(--ast-global-color-5)","background-image":"","background-repeat":"repeat","background-position":"center center","background-size":"auto","background-attachment":"scroll","background-type":"","background-media":"","overlay-type":"","overlay-color":"","overlay-opacity":"","overlay-gradient":""},"mobile":{"background-color":"var(--ast-global-color-5)","background-image":"","background-repeat":"repeat","background-position":"center center","background-size":"auto","background-attachment":"scroll","background-type":"","background-media":"","overlay-type":"","overlay-color":"","overlay-opacity":"","overlay-gradient":""}},"footnotes":""},"class_list":["post-1463","page","type-page","status-publish","hentry"],"yoast_head":"<!-- This site is optimized with the Yoast SEO Premium plugin v25.3.1 (Yoast SEO v25.3.1) - https:\/\/yoast.com\/wordpress\/plugins\/seo\/ -->\n<title>ACCUEIL - Smart Agency agence-marketing<\/title>\n<meta name=\"description\" content=\"Agence marketing digital experte en SEO, pub en ligne et strat\u00e9gie web pour faire d\u00e9coller votre visibilit\u00e9.\" \/>\n<meta name=\"robots\" content=\"index, follow, max-snippet:-1, max-image-preview:large, max-video-preview:-1\" \/>\n<link rel=\"canonical\" href=\"https:\/\/smartagency.site\/fr\/\" \/>\n<meta property=\"og:locale\" content=\"fr_FR\" \/>\n<meta property=\"og:type\" content=\"article\" \/>\n<meta property=\"og:title\" content=\"ACCUEIL\" \/>\n<meta property=\"og:description\" content=\"Agence marketing digital experte en SEO, pub en ligne et strat\u00e9gie web pour faire d\u00e9coller votre visibilit\u00e9.\" \/>\n<meta property=\"og:url\" content=\"https:\/\/smartagency.site\/fr\/\" \/>\n<meta property=\"og:site_name\" content=\"Smart Agency\" \/>\n<meta property=\"article:modified_time\" content=\"2025-07-12T13:04:58+00:00\" \/>\n<meta name=\"twitter:card\" content=\"summary_large_image\" \/>\n<meta name=\"twitter:label1\" content=\"Dur\u00e9e de lecture estim\u00e9e\" \/>\n\t<meta name=\"twitter:data1\" content=\"2 minutes\" \/>\n<script type=\"application\/ld+json\" class=\"yoast-schema-graph\">{\"@context\":\"https:\/\/schema.org\",\"@graph\":[{\"@type\":\"WebPage\",\"@id\":\"https:\/\/smartagency.site\/\",\"url\":\"https:\/\/smartagency.site\/\",\"name\":\"ACCUEIL - Smart Agency agence-marketing\",\"isPartOf\":{\"@id\":\"https:\/\/smartagency.site\/#website\"},\"datePublished\":\"2025-06-12T15:17:55+00:00\",\"dateModified\":\"2025-07-12T13:04:58+00:00\",\"description\":\"Agence marketing digital experte en SEO, pub en ligne et strat\u00e9gie web pour faire d\u00e9coller votre visibilit\u00e9.\",\"breadcrumb\":{\"@id\":\"https:\/\/smartagency.site\/#breadcrumb\"},\"inLanguage\":\"fr-FR\",\"potentialAction\":[{\"@type\":\"ReadAction\",\"target\":[\"https:\/\/smartagency.site\/\"]}]},{\"@type\":\"BreadcrumbList\",\"@id\":\"https:\/\/smartagency.site\/#breadcrumb\",\"itemListElement\":[{\"@type\":\"ListItem\",\"position\":1,\"name\":\"Home\",\"item\":\"https:\/\/smartagency.site\/\"},{\"@type\":\"ListItem\",\"position\":2,\"name\":\"ACCUEIL\"}]},{\"@type\":\"WebSite\",\"@id\":\"https:\/\/smartagency.site\/#website\",\"url\":\"https:\/\/smartagency.site\/\",\"name\":\"Smart Agency\",\"description\":\"Smart Agency Website\",\"publisher\":{\"@id\":\"https:\/\/smartagency.site\/#organization\"},\"potentialAction\":[{\"@type\":\"SearchAction\",\"target\":{\"@type\":\"EntryPoint\",\"urlTemplate\":\"https:\/\/smartagency.site\/?s={search_term_string}\"},\"query-input\":{\"@type\":\"PropertyValueSpecification\",\"valueRequired\":true,\"valueName\":\"search_term_string\"}}],\"inLanguage\":\"fr-FR\"},{\"@type\":\"Organization\",\"@id\":\"https:\/\/smartagency.site\/#organization\",\"name\":\"Smart Agency\",\"url\":\"https:\/\/smartagency.site\/\",\"logo\":{\"@type\":\"ImageObject\",\"inLanguage\":\"fr-FR\",\"@id\":\"https:\/\/smartagency.site\/#\/schema\/logo\/image\/\",\"url\":\"https:\/\/smartagency.site\/wp-content\/uploads\/2025\/07\/cropped-Ajouter_un_sous-titre__4_-removebg-preview.png\",\"contentUrl\":\"https:\/\/smartagency.site\/wp-content\/uploads\/2025\/07\/cropped-Ajouter_un_sous-titre__4_-removebg-preview.png\",\"width\":446,\"height\":150,\"caption\":\"Smart Agency\"},\"image\":{\"@id\":\"https:\/\/smartagency.site\/#\/schema\/logo\/image\/\"}}]}<\/script>\n<!-- \/ Yoast SEO Premium plugin. -->","yoast_head_json":{"title":"ACCUEIL - Smart Agency agence-marketing","description":"Agence marketing digital experte en SEO, pub en ligne et strat\u00e9gie web pour faire d\u00e9coller votre visibilit\u00e9.","robots":{"index":"index","follow":"follow","max-snippet":"max-snippet:-1","max-image-preview":"max-image-preview:large","max-video-preview":"max-video-preview:-1"},"canonical":"https:\/\/smartagency.site\/fr\/","og_locale":"fr_FR","og_type":"article","og_title":"ACCUEIL","og_description":"Agence marketing digital experte en SEO, pub en ligne et strat\u00e9gie web pour faire d\u00e9coller votre visibilit\u00e9.","og_url":"https:\/\/smartagency.site\/fr\/","og_site_name":"Smart Agency","article_modified_time":"2025-07-12T13:04:58+00:00","twitter_card":"summary_large_image","twitter_misc":{"Dur\u00e9e de lecture estim\u00e9e":"2 minutes"},"schema":{"@context":"https:\/\/schema.org","@graph":[{"@type":"WebPage","@id":"https:\/\/smartagency.site\/","url":"https:\/\/smartagency.site\/","name":"ACCUEIL - Smart Agency agence-marketing","isPartOf":{"@id":"https:\/\/smartagency.site\/#website"},"datePublished":"2025-06-12T15:17:55+00:00","dateModified":"2025-07-12T13:04:58+00:00","description":"Agence marketing digital experte en SEO, pub en ligne et strat\u00e9gie web pour faire d\u00e9coller votre visibilit\u00e9.","breadcrumb":{"@id":"https:\/\/smartagency.site\/#breadcrumb"},"inLanguage":"fr-FR","potentialAction":[{"@type":"ReadAction","target":["https:\/\/smartagency.site\/"]}]},{"@type":"BreadcrumbList","@id":"https:\/\/smartagency.site\/#breadcrumb","itemListElement":[{"@type":"ListItem","position":1,"name":"Home","item":"https:\/\/smartagency.site\/"},{"@type":"ListItem","position":2,"name":"ACCUEIL"}]},{"@type":"WebSite","@id":"https:\/\/smartagency.site\/#website","url":"https:\/\/smartagency.site\/","name":"Smart Agency","description":"Smart Agency Website","publisher":{"@id":"https:\/\/smartagency.site\/#organization"},"potentialAction":[{"@type":"SearchAction","target":{"@type":"EntryPoint","urlTemplate":"https:\/\/smartagency.site\/?s={search_term_string}"},"query-input":{"@type":"PropertyValueSpecification","valueRequired":true,"valueName":"search_term_string"}}],"inLanguage":"fr-FR"},{"@type":"Organization","@id":"https:\/\/smartagency.site\/#organization","name":"Smart Agency","url":"https:\/\/smartagency.site\/","logo":{"@type":"ImageObject","inLanguage":"fr-FR","@id":"https:\/\/smartagency.site\/#\/schema\/logo\/image\/","url":"https:\/\/smartagency.site\/wp-content\/uploads\/2025\/07\/cropped-Ajouter_un_sous-titre__4_-removebg-preview.png","contentUrl":"https:\/\/smartagency.site\/wp-content\/uploads\/2025\/07\/cropped-Ajouter_un_sous-titre__4_-removebg-preview.png","width":446,"height":150,"caption":"Smart Agency"},"image":{"@id":"https:\/\/smartagency.site\/#\/schema\/logo\/image\/"}}]}},"uagb_featured_image_src":{"full":false,"thumbnail":false,"medium":false,"medium_large":false,"large":false,"1536x1536":false,"2048x2048":false,"trp-custom-language-flag":false,"woocommerce_thumbnail":false,"woocommerce_single":false,"woocommerce_gallery_thumbnail":false},"uagb_author_info":{"display_name":"uness","author_link":"https:\/\/smartagency.site\/fr\/author\/uness\/"},"uagb_comment_info":0,"uagb_excerpt":"Votre succ\u00e8s digital commence ici Nous construisons votre pr\u00e9sence digitale Des solutions personnalis\u00e9es pour booster votre visibilit\u00e9 et vos r\u00e9sultats. De la strat\u00e9gie \u00e0 l\u2019ex\u00e9cution : nous vous accompagnons dans chaque \u00e9tape\u00a0 \u00a0de votre transformation digitale. D\u00e9marrer votre projet Choisissez votre service Social Media Management \u2705 Ce que nous proposons : Cr\u00e9ation de calendrier \u00e9ditorial\u2026","_links":{"self":[{"href":"https:\/\/smartagency.site\/fr\/wp-json\/wp\/v2\/pages\/1463","targetHints":{"allow":["GET"]}}],"collection":[{"href":"https:\/\/smartagency.site\/fr\/wp-json\/wp\/v2\/pages"}],"about":[{"href":"https:\/\/smartagency.site\/fr\/wp-json\/wp\/v2\/types\/page"}],"author":[{"embeddable":true,"href":"https:\/\/smartagency.site\/fr\/wp-json\/wp\/v2\/users\/1"}],"replies":[{"embeddable":true,"href":"https:\/\/smartagency.site\/fr\/wp-json\/wp\/v2\/comments?post=1463"}],"version-history":[{"count":5,"href":"https:\/\/smartagency.site\/fr\/wp-json\/wp\/v2\/pages\/1463\/revisions"}],"predecessor-version":[{"id":3535,"href":"https:\/\/smartagency.site\/fr\/wp-json\/wp\/v2\/pages\/1463\/revisions\/3535"}],"wp:attachment":[{"href":"https:\/\/smartagency.site\/fr\/wp-json\/wp\/v2\/media?parent=1463"}],"curies":[{"name":"wp","href":"https:\/\/api.w.org\/{rel}","templated":true}]}}