{"id":2807,"date":"2025-06-19T18:47:29","date_gmt":"2025-06-19T18:47:29","guid":{"rendered":"https:\/\/smartagency.site\/?page_id=2807"},"modified":"2025-07-08T20:03:15","modified_gmt":"2025-07-08T20:03:15","slug":"seo","status":"publish","type":"page","link":"https:\/\/smartagency.site\/fr\/seo\/","title":{"rendered":"SEO"},"content":{"rendered":"<div data-elementor-type=\"wp-page\" data-elementor-id=\"2807\" class=\"elementor elementor-2807\">\n\t\t\t\t<div class=\"elementor-element elementor-element-2fbryvo e-flex e-con-boxed elementor-invisible e-con e-parent\" data-id=\"2fbryvo\" data-element_type=\"container\" data-settings=\"{&quot;background_background&quot;:&quot;classic&quot;,&quot;animation&quot;:&quot;fadeIn&quot;}\">\n\t\t\t\t\t<div class=\"e-con-inner\">\n\t\t<div class=\"elementor-element elementor-element-77140b5 e-con-full e-flex elementor-invisible e-con e-child\" data-id=\"77140b5\" data-element_type=\"container\" data-settings=\"{&quot;animation&quot;:&quot;fadeInUp&quot;}\">\n\t\t\t\t<div class=\"elementor-element elementor-element-5c922f6 elementor-widget elementor-widget-heading\" data-id=\"5c922f6\" data-element_type=\"widget\" data-widget_type=\"heading.default\">\n\t\t\t\t<div class=\"elementor-widget-container\">\n\t\t\t\t\t<h1 class=\"elementor-heading-title elementor-size-default\">R\u00e9f\u00e9rencement Naturel (SEO)<\/h1>\t\t\t\t<\/div>\n\t\t\t\t<\/div>\n\t\t\t\t<\/div>\n\t\t\t\t\t<\/div>\n\t\t\t\t<\/div>\n\t\t<div class=\"elementor-element elementor-element-0ls0ah0 e-flex e-con-boxed e-con e-parent\" data-id=\"0ls0ah0\" data-element_type=\"container\" data-settings=\"{&quot;background_background&quot;:&quot;classic&quot;}\">\n\t\t\t\t\t<div class=\"e-con-inner\">\n\t\t<div class=\"elementor-element elementor-element-9e9f24c e-flex e-con-boxed e-con e-child\" data-id=\"9e9f24c\" data-element_type=\"container\">\n\t\t\t\t\t<div class=\"e-con-inner\">\n\t\t<div class=\"elementor-element elementor-element-a1fa886 e-con-full e-flex e-con e-child\" data-id=\"a1fa886\" data-element_type=\"container\">\n\t\t<div class=\"elementor-element elementor-element-53ff607 e-con-full e-flex e-con e-child\" data-id=\"53ff607\" data-element_type=\"container\">\n\t\t\t\t<div class=\"elementor-element elementor-element-51338b4 elementor-widget elementor-widget-image\" data-id=\"51338b4\" data-element_type=\"widget\" data-widget_type=\"image.default\">\n\t\t\t\t<div class=\"elementor-widget-container\">\n\t\t\t\t\t\t\t\t\t\t\t\t\t\t\t<img fetchpriority=\"high\" decoding=\"async\" width=\"736\" height=\"1104\" src=\"https:\/\/smartagency.site\/wp-content\/uploads\/2025\/07\/seo.jpg\" class=\"attachment-full size-full wp-image-3405\" alt=\"\" srcset=\"https:\/\/smartagency.site\/wp-content\/uploads\/2025\/07\/seo.jpg 736w, https:\/\/smartagency.site\/wp-content\/uploads\/2025\/07\/seo-600x900.jpg 600w, https:\/\/smartagency.site\/wp-content\/uploads\/2025\/07\/seo-200x300.jpg 200w, https:\/\/smartagency.site\/wp-content\/uploads\/2025\/07\/seo-683x1024.jpg 683w\" sizes=\"(max-width: 736px) 100vw, 736px\" \/>\t\t\t\t\t\t\t\t\t\t\t\t\t\t\t<\/div>\n\t\t\t\t<\/div>\n\t\t\t\t<\/div>\n\t\t<div class=\"elementor-element elementor-element-defab1b e-con-full e-flex e-con e-child\" data-id=\"defab1b\" data-element_type=\"container\">\n\t\t\t\t<div class=\"elementor-element elementor-element-7f53e1e elementor-widget elementor-widget-heading\" data-id=\"7f53e1e\" data-element_type=\"widget\" data-widget_type=\"heading.default\">\n\t\t\t\t<div class=\"elementor-widget-container\">\n\t\t\t\t\t<h3 class=\"elementor-heading-title elementor-size-default\">Am\u00e9liorez votre visibilit\u00e9, attirez du trafic qualifi\u00e9, et gagnez en cr\u00e9dibilit\u00e9.<\/h3>\t\t\t\t<\/div>\n\t\t\t\t<\/div>\n\t\t\t\t<div class=\"elementor-element elementor-element-2b501f1 elementor-widget elementor-widget-text-editor\" data-id=\"2b501f1\" data-element_type=\"widget\" data-widget_type=\"text-editor.default\">\n\t\t\t\t<div class=\"elementor-widget-container\">\n\t\t\t\t\t\t\t\t\t<p data-start=\"373\" data-end=\"661\">Le r\u00e9f\u00e9rencement naturel (SEO) est un pilier fondamental du marketing digital.<br data-start=\"451\" data-end=\"454\" \/>Chez <strong data-start=\"459\" data-end=\"475\">Smart Agency<\/strong>, nous mettons en place des strat\u00e9gies SEO sur mesure qui permettent \u00e0 votre site web de gagner en visibilit\u00e9, d\u2019attirer un trafic qualifi\u00e9 et de convertir plus efficacement.<\/p><p data-start=\"663\" data-end=\"747\">Notre mission : vous positionner durablement en t\u00eate des r\u00e9sultats de recherche.<\/p><p data-start=\"663\" data-end=\"747\">Le SEO n\u2019est pas une option : c\u2019est la base de toute pr\u00e9sence digitale durable.<\/p>\t\t\t\t\t\t\t\t<\/div>\n\t\t\t\t<\/div>\n\t\t\t\t<\/div>\n\t\t\t\t<\/div>\n\t\t\t\t\t<\/div>\n\t\t\t\t<\/div>\n\t\t\t\t\t<\/div>\n\t\t\t\t<\/div>\n\t\t<div class=\"elementor-element elementor-element-9mzsq1e e-flex e-con-boxed e-con e-parent\" data-id=\"9mzsq1e\" data-element_type=\"container\">\n\t\t\t\t\t<div class=\"e-con-inner\">\n\t\t<div class=\"elementor-element elementor-element-fbe4d7a e-con-full e-flex e-con e-child\" data-id=\"fbe4d7a\" data-element_type=\"container\">\n\t\t\t\t<div class=\"elementor-element elementor-element-7d642a8 elementor-widget elementor-widget-text-editor\" data-id=\"7d642a8\" data-element_type=\"widget\" data-widget_type=\"text-editor.default\">\n\t\t\t\t<div class=\"elementor-widget-container\">\n\t\t\t\t\t\t\t\t\t<h3 data-start=\"592\" data-end=\"614\">Nos objectifs :<\/h3><ul data-start=\"615\" data-end=\"880\"><li data-start=\"615\" data-end=\"677\"><p data-start=\"617\" data-end=\"677\">\ud83d\udcc8 Augmenter votre visibilit\u00e9 sur les moteurs de recherche<\/p><\/li><li data-start=\"678\" data-end=\"762\"><p data-start=\"680\" data-end=\"762\">\ud83c\udfaf Attirer un trafic qualifi\u00e9, r\u00e9ellement int\u00e9ress\u00e9 par vos produits ou services<\/p><\/li><li data-start=\"763\" data-end=\"825\"><p data-start=\"765\" data-end=\"825\">\ud83e\udd1d G\u00e9n\u00e9rer des leads et am\u00e9liorer votre taux de conversion<\/p><\/li><li data-start=\"826\" data-end=\"880\"><p data-start=\"828\" data-end=\"880\">\ud83d\udcbc Renforcer la cr\u00e9dibilit\u00e9 de votre marque en ligne<\/p><\/li><\/ul>\t\t\t\t\t\t\t\t<\/div>\n\t\t\t\t<\/div>\n\t\t\t\t<\/div>\n\t\t<div class=\"elementor-element elementor-element-617021b e-con-full e-flex e-con e-child\" data-id=\"617021b\" data-element_type=\"container\">\n\t\t\t\t<div class=\"elementor-element elementor-element-c15a3db elementor-widget elementor-widget-image\" data-id=\"c15a3db\" data-element_type=\"widget\" data-widget_type=\"image.default\">\n\t\t\t\t<div class=\"elementor-widget-container\">\n\t\t\t\t\t\t\t\t\t\t\t\t\t\t\t<img decoding=\"async\" width=\"736\" height=\"1104\" src=\"https:\/\/smartagency.site\/wp-content\/uploads\/2025\/07\/SEO-NATUREL.jpg\" class=\"attachment-full size-full wp-image-3409\" alt=\"\" srcset=\"https:\/\/smartagency.site\/wp-content\/uploads\/2025\/07\/SEO-NATUREL.jpg 736w, https:\/\/smartagency.site\/wp-content\/uploads\/2025\/07\/SEO-NATUREL-600x900.jpg 600w, https:\/\/smartagency.site\/wp-content\/uploads\/2025\/07\/SEO-NATUREL-200x300.jpg 200w, https:\/\/smartagency.site\/wp-content\/uploads\/2025\/07\/SEO-NATUREL-683x1024.jpg 683w\" sizes=\"(max-width: 736px) 100vw, 736px\" \/>\t\t\t\t\t\t\t\t\t\t\t\t\t\t\t<\/div>\n\t\t\t\t<\/div>\n\t\t\t\t<\/div>\n\t\t<div class=\"elementor-element elementor-element-2f84551 e-con-full e-flex e-con e-child\" data-id=\"2f84551\" data-element_type=\"container\">\n\t\t\t\t<div class=\"elementor-element elementor-element-ac8dc48 elementor-widget__width-auto elementor-view-default elementor-widget elementor-widget-icon\" data-id=\"ac8dc48\" data-element_type=\"widget\" data-widget_type=\"icon.default\">\n\t\t\t\t<div class=\"elementor-widget-container\">\n\t\t\t\t\t\t\t<div class=\"elementor-icon-wrapper\">\n\t\t\t<div class=\"elementor-icon\">\n\t\t\t<i aria-hidden=\"true\" class=\"far fa-check-circle\"><\/i>\t\t\t<\/div>\n\t\t<\/div>\n\t\t\t\t\t\t<\/div>\n\t\t\t\t<\/div>\n\t\t\t\t<div class=\"elementor-element elementor-element-6d90e7d elementor-widget elementor-widget-text-editor\" data-id=\"6d90e7d\" data-element_type=\"widget\" data-widget_type=\"text-editor.default\">\n\t\t\t\t<div class=\"elementor-widget-container\">\n\t\t\t\t\t\t\t\t\t<p><strong data-start=\"405\" data-end=\"510\">\u00ab \u00catre pr\u00e9sent sur les moteurs de recherche, c\u2019est exister dans l\u2019esprit de vos clients potentiels. \u00bb<\/strong><\/p>\t\t\t\t\t\t\t\t<\/div>\n\t\t\t\t<\/div>\n\t\t\t\t<\/div>\n\t\t\t\t\t<\/div>\n\t\t\t\t<\/div>\n\t\t<div class=\"elementor-element elementor-element-xuzfymk e-flex e-con-boxed e-con e-parent\" data-id=\"xuzfymk\" data-element_type=\"container\" data-settings=\"{&quot;background_background&quot;:&quot;gradient&quot;}\">\n\t\t\t\t\t<div class=\"e-con-inner\">\n\t\t<div class=\"elementor-element elementor-element-c9113a5 e-con-full e-flex e-con e-child\" data-id=\"c9113a5\" data-element_type=\"container\">\n\t\t\t\t<div class=\"elementor-element elementor-element-6ed2eda elementor-view-default elementor-position-top elementor-mobile-position-top elementor-widget elementor-widget-icon-box\" data-id=\"6ed2eda\" data-element_type=\"widget\" data-widget_type=\"icon-box.default\">\n\t\t\t\t<div class=\"elementor-widget-container\">\n\t\t\t\t\t\t\t<div class=\"elementor-icon-box-wrapper\">\n\n\t\t\t\t\t\t<div class=\"elementor-icon-box-icon\">\n\t\t\t\t<span  class=\"elementor-icon\">\n\t\t\t\t<i aria-hidden=\"true\" class=\"fas fa-search\"><\/i>\t\t\t\t<\/span>\n\t\t\t<\/div>\n\t\t\t\n\t\t\t\t\t\t<div class=\"elementor-icon-box-content\">\n\n\t\t\t\t\t\t\t\t\t<h4 class=\"elementor-icon-box-title\">\n\t\t\t\t\t\t<span  >\n\t\t\t\t\t\t\tAudit SEO complet\t\t\t\t\t\t<\/span>\n\t\t\t\t\t<\/h4>\n\t\t\t\t\n\t\t\t\t\t\t\t\t\t<p class=\"elementor-icon-box-description\">\n\t\t\t\t\t\tAnalyse technique, s\u00e9mantique et concurrentielle de votre site pour d\u00e9tecter les points de blocage et les opportunit\u00e9s d\u2019am\u00e9lioration.\n\n\t\t\t\t\t<\/p>\n\t\t\t\t\n\t\t\t<\/div>\n\t\t\t\n\t\t<\/div>\n\t\t\t\t\t\t<\/div>\n\t\t\t\t<\/div>\n\t\t\t\t<\/div>\n\t\t<div class=\"elementor-element elementor-element-c887100 e-con-full e-flex e-con e-child\" data-id=\"c887100\" data-element_type=\"container\">\n\t\t\t\t<div class=\"elementor-element elementor-element-ad32598 elementor-view-default elementor-position-top elementor-mobile-position-top elementor-widget elementor-widget-icon-box\" data-id=\"ad32598\" data-element_type=\"widget\" data-widget_type=\"icon-box.default\">\n\t\t\t\t<div class=\"elementor-widget-container\">\n\t\t\t\t\t\t\t<div class=\"elementor-icon-box-wrapper\">\n\n\t\t\t\t\t\t<div class=\"elementor-icon-box-icon\">\n\t\t\t\t<span  class=\"elementor-icon\">\n\t\t\t\t<i aria-hidden=\"true\" class=\"fas fa-cogs\"><\/i>\t\t\t\t<\/span>\n\t\t\t<\/div>\n\t\t\t\n\t\t\t\t\t\t<div class=\"elementor-icon-box-content\">\n\n\t\t\t\t\t\t\t\t\t<h4 class=\"elementor-icon-box-title\">\n\t\t\t\t\t\t<span  >\n\t\t\t\t\t\t\tOptimisation technique & contenu\t\t\t\t\t\t<\/span>\n\t\t\t\t\t<\/h4>\n\t\t\t\t\n\t\t\t\t\t\t\t\t\t<p class=\"elementor-icon-box-description\">\n\t\t\t\t\t\tAm\u00e9lioration de la structure du site, balises HTML, vitesse de chargement, compatibilit\u00e9 mobile, et contenu SEO-friendly.\n\n\t\t\t\t\t<\/p>\n\t\t\t\t\n\t\t\t<\/div>\n\t\t\t\n\t\t<\/div>\n\t\t\t\t\t\t<\/div>\n\t\t\t\t<\/div>\n\t\t\t\t<\/div>\n\t\t<div class=\"elementor-element elementor-element-c72174c e-con-full e-flex e-con e-child\" data-id=\"c72174c\" data-element_type=\"container\">\n\t\t\t\t<div class=\"elementor-element elementor-element-bba7d4e elementor-view-default elementor-position-top elementor-mobile-position-top elementor-widget elementor-widget-icon-box\" data-id=\"bba7d4e\" data-element_type=\"widget\" data-widget_type=\"icon-box.default\">\n\t\t\t\t<div class=\"elementor-widget-container\">\n\t\t\t\t\t\t\t<div class=\"elementor-icon-box-wrapper\">\n\n\t\t\t\t\t\t<div class=\"elementor-icon-box-icon\">\n\t\t\t\t<span  class=\"elementor-icon\">\n\t\t\t\t<i aria-hidden=\"true\" class=\"far fa-list-alt\"><\/i>\t\t\t\t<\/span>\n\t\t\t<\/div>\n\t\t\t\n\t\t\t\t\t\t<div class=\"elementor-icon-box-content\">\n\n\t\t\t\t\t\t\t\t\t<h4 class=\"elementor-icon-box-title\">\n\t\t\t\t\t\t<span  >\n\t\t\t\t\t\t\tStrat\u00e9gie de contenu cibl\u00e9e\t\t\t\t\t\t<\/span>\n\t\t\t\t\t<\/h4>\n\t\t\t\t\n\t\t\t\t\t\t\t\t\t<p class=\"elementor-icon-box-description\">\n\t\t\t\t\t\tCr\u00e9ation de contenus optimis\u00e9s (articles, pages, fiches produits) align\u00e9s sur les mots-cl\u00e9s recherch\u00e9s par votre audience.\n\n\t\t\t\t\t<\/p>\n\t\t\t\t\n\t\t\t<\/div>\n\t\t\t\n\t\t<\/div>\n\t\t\t\t\t\t<\/div>\n\t\t\t\t<\/div>\n\t\t\t\t<\/div>\n\t\t<div class=\"elementor-element elementor-element-97b8c80 e-con-full e-flex e-con e-child\" data-id=\"97b8c80\" data-element_type=\"container\">\n\t\t\t\t<div class=\"elementor-element elementor-element-cb1c56e elementor-view-default elementor-position-top elementor-mobile-position-top elementor-widget elementor-widget-icon-box\" data-id=\"cb1c56e\" data-element_type=\"widget\" data-widget_type=\"icon-box.default\">\n\t\t\t\t<div class=\"elementor-widget-container\">\n\t\t\t\t\t\t\t<div class=\"elementor-icon-box-wrapper\">\n\n\t\t\t\t\t\t<div class=\"elementor-icon-box-icon\">\n\t\t\t\t<span  class=\"elementor-icon\">\n\t\t\t\t<i aria-hidden=\"true\" class=\"far fa-chart-bar\"><\/i>\t\t\t\t<\/span>\n\t\t\t<\/div>\n\t\t\t\n\t\t\t\t\t\t<div class=\"elementor-icon-box-content\">\n\n\t\t\t\t\t\t\t\t\t<h4 class=\"elementor-icon-box-title\">\n\t\t\t\t\t\t<span  >\n\t\t\t\t\t\t\tSuivi & accompagnement\t\t\t\t\t\t<\/span>\n\t\t\t\t\t<\/h4>\n\t\t\t\t\n\t\t\t\t\t\t\t\t\t<p class=\"elementor-icon-box-description\">\n\t\t\t\t\t\tRapports de performance, suivi du positionnement, recommandations continues et ajustements pour des r\u00e9sultats durables.\n\n\t\t\t\t\t<\/p>\n\t\t\t\t\n\t\t\t<\/div>\n\t\t\t\n\t\t<\/div>\n\t\t\t\t\t\t<\/div>\n\t\t\t\t<\/div>\n\t\t\t\t<\/div>\n\t\t\t\t\t<\/div>\n\t\t\t\t<\/div>\n\t\t\t\t<\/div>","protected":false},"excerpt":{"rendered":"<p>R\u00e9f\u00e9rencement Naturel (SEO) Am\u00e9liorez votre visibilit\u00e9, attirez du trafic qualifi\u00e9, et gagnez en cr\u00e9dibilit\u00e9. Le r\u00e9f\u00e9rencement naturel (SEO) est un pilier fondamental du marketing digital.Chez Smart Agency, nous mettons en place des strat\u00e9gies SEO sur mesure qui permettent \u00e0 votre site web de gagner en visibilit\u00e9, d\u2019attirer un trafic qualifi\u00e9 et de convertir plus efficacement. [&hellip;]<\/p>","protected":false},"author":1,"featured_media":0,"parent":0,"menu_order":0,"comment_status":"closed","ping_status":"closed","template":"","meta":{"_eb_attr":"","_uag_custom_page_level_css":"","site-sidebar-layout":"no-sidebar","site-content-layout":"page-builder","ast-site-content-layout":"full-width-container","site-content-style":"default","site-sidebar-style":"default","ast-global-header-display":"","ast-banner-title-visibility":"","ast-main-header-display":"","ast-hfb-above-header-display":"","ast-hfb-below-header-display":"","ast-hfb-mobile-header-display":"","site-post-title":"disabled","ast-breadcrumbs-content":"","ast-featured-img":"disabled","footer-sml-layout":"","theme-transparent-header-meta":"","adv-header-id-meta":"","stick-header-meta":"","header-above-stick-meta":"","header-main-stick-meta":"","header-below-stick-meta":"","astra-migrate-meta-layouts":"set","ast-page-background-enabled":"default","ast-page-background-meta":{"desktop":{"background-color":"","background-image":"","background-repeat":"repeat","background-position":"center center","background-size":"auto","background-attachment":"scroll","background-type":"","background-media":"","overlay-type":"","overlay-color":"","overlay-opacity":"","overlay-gradient":""},"tablet":{"background-color":"","background-image":"","background-repeat":"repeat","background-position":"center center","background-size":"auto","background-attachment":"scroll","background-type":"","background-media":"","overlay-type":"","overlay-color":"","overlay-opacity":"","overlay-gradient":""},"mobile":{"background-color":"","background-image":"","background-repeat":"repeat","background-position":"center center","background-size":"auto","background-attachment":"scroll","background-type":"","background-media":"","overlay-type":"","overlay-color":"","overlay-opacity":"","overlay-gradient":""}},"ast-content-background-meta":{"desktop":{"background-color":"var(--ast-global-color-5)","background-image":"","background-repeat":"repeat","background-position":"center center","background-size":"auto","background-attachment":"scroll","background-type":"","background-media":"","overlay-type":"","overlay-color":"","overlay-opacity":"","overlay-gradient":""},"tablet":{"background-color":"var(--ast-global-color-5)","background-image":"","background-repeat":"repeat","background-position":"center center","background-size":"auto","background-attachment":"scroll","background-type":"","background-media":"","overlay-type":"","overlay-color":"","overlay-opacity":"","overlay-gradient":""},"mobile":{"background-color":"var(--ast-global-color-5)","background-image":"","background-repeat":"repeat","background-position":"center center","background-size":"auto","background-attachment":"scroll","background-type":"","background-media":"","overlay-type":"","overlay-color":"","overlay-opacity":"","overlay-gradient":""}},"footnotes":""},"class_list":["post-2807","page","type-page","status-publish","hentry"],"yoast_head":"<!-- This site is optimized with the Yoast SEO Premium plugin v25.3.1 (Yoast SEO v25.3.1) - https:\/\/yoast.com\/wordpress\/plugins\/seo\/ -->\n<title>SEO - Smart Agency<\/title>\n<meta name=\"robots\" content=\"index, follow, max-snippet:-1, max-image-preview:large, max-video-preview:-1\" \/>\n<link rel=\"canonical\" href=\"https:\/\/smartagency.site\/fr\/seo\/\" \/>\n<meta property=\"og:locale\" content=\"fr_FR\" \/>\n<meta property=\"og:type\" content=\"article\" \/>\n<meta property=\"og:title\" content=\"SEO\" \/>\n<meta property=\"og:description\" content=\"R\u00e9f\u00e9rencement Naturel (SEO) Am\u00e9liorez votre visibilit\u00e9, attirez du trafic qualifi\u00e9, et gagnez en cr\u00e9dibilit\u00e9. Le r\u00e9f\u00e9rencement naturel (SEO) est un pilier fondamental du marketing digital.Chez Smart Agency, nous mettons en place des strat\u00e9gies SEO sur mesure qui permettent \u00e0 votre site web de gagner en visibilit\u00e9, d\u2019attirer un trafic qualifi\u00e9 et de convertir plus efficacement. [&hellip;]\" \/>\n<meta property=\"og:url\" content=\"https:\/\/smartagency.site\/fr\/seo\/\" \/>\n<meta property=\"og:site_name\" content=\"Smart Agency\" \/>\n<meta property=\"article:modified_time\" content=\"2025-07-08T20:03:15+00:00\" \/>\n<meta property=\"og:image\" content=\"https:\/\/smartagency.site\/wp-content\/uploads\/2025\/07\/seo.jpg\" \/>\n\t<meta property=\"og:image:width\" content=\"736\" \/>\n\t<meta property=\"og:image:height\" content=\"1104\" \/>\n\t<meta property=\"og:image:type\" content=\"image\/jpeg\" \/>\n<meta name=\"twitter:card\" content=\"summary_large_image\" \/>\n<meta name=\"twitter:label1\" content=\"Dur\u00e9e de lecture estim\u00e9e\" \/>\n\t<meta name=\"twitter:data1\" content=\"2 minutes\" \/>\n<script type=\"application\/ld+json\" class=\"yoast-schema-graph\">{\"@context\":\"https:\/\/schema.org\",\"@graph\":[{\"@type\":\"WebPage\",\"@id\":\"https:\/\/smartagency.site\/seo\/\",\"url\":\"https:\/\/smartagency.site\/seo\/\",\"name\":\"SEO - Smart Agency\",\"isPartOf\":{\"@id\":\"https:\/\/smartagency.site\/#website\"},\"primaryImageOfPage\":{\"@id\":\"https:\/\/smartagency.site\/seo\/#primaryimage\"},\"image\":{\"@id\":\"https:\/\/smartagency.site\/seo\/#primaryimage\"},\"thumbnailUrl\":\"https:\/\/smartagency.site\/wp-content\/uploads\/2025\/07\/seo.jpg\",\"datePublished\":\"2025-06-19T18:47:29+00:00\",\"dateModified\":\"2025-07-08T20:03:15+00:00\",\"breadcrumb\":{\"@id\":\"https:\/\/smartagency.site\/seo\/#breadcrumb\"},\"inLanguage\":\"fr-FR\",\"potentialAction\":[{\"@type\":\"ReadAction\",\"target\":[\"https:\/\/smartagency.site\/seo\/\"]}]},{\"@type\":\"ImageObject\",\"inLanguage\":\"fr-FR\",\"@id\":\"https:\/\/smartagency.site\/seo\/#primaryimage\",\"url\":\"https:\/\/smartagency.site\/wp-content\/uploads\/2025\/07\/seo.jpg\",\"contentUrl\":\"https:\/\/smartagency.site\/wp-content\/uploads\/2025\/07\/seo.jpg\"},{\"@type\":\"BreadcrumbList\",\"@id\":\"https:\/\/smartagency.site\/seo\/#breadcrumb\",\"itemListElement\":[{\"@type\":\"ListItem\",\"position\":1,\"name\":\"Home\",\"item\":\"https:\/\/smartagency.site\/\"},{\"@type\":\"ListItem\",\"position\":2,\"name\":\"SEO\"}]},{\"@type\":\"WebSite\",\"@id\":\"https:\/\/smartagency.site\/#website\",\"url\":\"https:\/\/smartagency.site\/\",\"name\":\"Smart Agency\",\"description\":\"Smart Agency Website\",\"publisher\":{\"@id\":\"https:\/\/smartagency.site\/#organization\"},\"potentialAction\":[{\"@type\":\"SearchAction\",\"target\":{\"@type\":\"EntryPoint\",\"urlTemplate\":\"https:\/\/smartagency.site\/?s={search_term_string}\"},\"query-input\":{\"@type\":\"PropertyValueSpecification\",\"valueRequired\":true,\"valueName\":\"search_term_string\"}}],\"inLanguage\":\"fr-FR\"},{\"@type\":\"Organization\",\"@id\":\"https:\/\/smartagency.site\/#organization\",\"name\":\"Smart Agency\",\"url\":\"https:\/\/smartagency.site\/\",\"logo\":{\"@type\":\"ImageObject\",\"inLanguage\":\"fr-FR\",\"@id\":\"https:\/\/smartagency.site\/#\/schema\/logo\/image\/\",\"url\":\"https:\/\/smartagency.site\/wp-content\/uploads\/2025\/07\/cropped-Ajouter_un_sous-titre__4_-removebg-preview.png\",\"contentUrl\":\"https:\/\/smartagency.site\/wp-content\/uploads\/2025\/07\/cropped-Ajouter_un_sous-titre__4_-removebg-preview.png\",\"width\":446,\"height\":150,\"caption\":\"Smart Agency\"},\"image\":{\"@id\":\"https:\/\/smartagency.site\/#\/schema\/logo\/image\/\"}}]}<\/script>\n<!-- \/ Yoast SEO Premium plugin. -->","yoast_head_json":{"title":"SEO - Smart Agency","robots":{"index":"index","follow":"follow","max-snippet":"max-snippet:-1","max-image-preview":"max-image-preview:large","max-video-preview":"max-video-preview:-1"},"canonical":"https:\/\/smartagency.site\/fr\/seo\/","og_locale":"fr_FR","og_type":"article","og_title":"SEO","og_description":"R\u00e9f\u00e9rencement Naturel (SEO) Am\u00e9liorez votre visibilit\u00e9, attirez du trafic qualifi\u00e9, et gagnez en cr\u00e9dibilit\u00e9. Le r\u00e9f\u00e9rencement naturel (SEO) est un pilier fondamental du marketing digital.Chez Smart Agency, nous mettons en place des strat\u00e9gies SEO sur mesure qui permettent \u00e0 votre site web de gagner en visibilit\u00e9, d\u2019attirer un trafic qualifi\u00e9 et de convertir plus efficacement. [&hellip;]","og_url":"https:\/\/smartagency.site\/fr\/seo\/","og_site_name":"Smart Agency","article_modified_time":"2025-07-08T20:03:15+00:00","og_image":[{"width":736,"height":1104,"url":"https:\/\/smartagency.site\/wp-content\/uploads\/2025\/07\/seo.jpg","type":"image\/jpeg"}],"twitter_card":"summary_large_image","twitter_misc":{"Dur\u00e9e de lecture estim\u00e9e":"2 minutes"},"schema":{"@context":"https:\/\/schema.org","@graph":[{"@type":"WebPage","@id":"https:\/\/smartagency.site\/seo\/","url":"https:\/\/smartagency.site\/seo\/","name":"SEO - Smart Agency","isPartOf":{"@id":"https:\/\/smartagency.site\/#website"},"primaryImageOfPage":{"@id":"https:\/\/smartagency.site\/seo\/#primaryimage"},"image":{"@id":"https:\/\/smartagency.site\/seo\/#primaryimage"},"thumbnailUrl":"https:\/\/smartagency.site\/wp-content\/uploads\/2025\/07\/seo.jpg","datePublished":"2025-06-19T18:47:29+00:00","dateModified":"2025-07-08T20:03:15+00:00","breadcrumb":{"@id":"https:\/\/smartagency.site\/seo\/#breadcrumb"},"inLanguage":"fr-FR","potentialAction":[{"@type":"ReadAction","target":["https:\/\/smartagency.site\/seo\/"]}]},{"@type":"ImageObject","inLanguage":"fr-FR","@id":"https:\/\/smartagency.site\/seo\/#primaryimage","url":"https:\/\/smartagency.site\/wp-content\/uploads\/2025\/07\/seo.jpg","contentUrl":"https:\/\/smartagency.site\/wp-content\/uploads\/2025\/07\/seo.jpg"},{"@type":"BreadcrumbList","@id":"https:\/\/smartagency.site\/seo\/#breadcrumb","itemListElement":[{"@type":"ListItem","position":1,"name":"Home","item":"https:\/\/smartagency.site\/"},{"@type":"ListItem","position":2,"name":"SEO"}]},{"@type":"WebSite","@id":"https:\/\/smartagency.site\/#website","url":"https:\/\/smartagency.site\/","name":"Smart Agency","description":"Smart Agency Website","publisher":{"@id":"https:\/\/smartagency.site\/#organization"},"potentialAction":[{"@type":"SearchAction","target":{"@type":"EntryPoint","urlTemplate":"https:\/\/smartagency.site\/?s={search_term_string}"},"query-input":{"@type":"PropertyValueSpecification","valueRequired":true,"valueName":"search_term_string"}}],"inLanguage":"fr-FR"},{"@type":"Organization","@id":"https:\/\/smartagency.site\/#organization","name":"Smart Agency","url":"https:\/\/smartagency.site\/","logo":{"@type":"ImageObject","inLanguage":"fr-FR","@id":"https:\/\/smartagency.site\/#\/schema\/logo\/image\/","url":"https:\/\/smartagency.site\/wp-content\/uploads\/2025\/07\/cropped-Ajouter_un_sous-titre__4_-removebg-preview.png","contentUrl":"https:\/\/smartagency.site\/wp-content\/uploads\/2025\/07\/cropped-Ajouter_un_sous-titre__4_-removebg-preview.png","width":446,"height":150,"caption":"Smart Agency"},"image":{"@id":"https:\/\/smartagency.site\/#\/schema\/logo\/image\/"}}]}},"uagb_featured_image_src":{"full":false,"thumbnail":false,"medium":false,"medium_large":false,"large":false,"1536x1536":false,"2048x2048":false,"trp-custom-language-flag":false,"woocommerce_thumbnail":false,"woocommerce_single":false,"woocommerce_gallery_thumbnail":false},"uagb_author_info":{"display_name":"uness","author_link":"https:\/\/smartagency.site\/fr\/author\/uness\/"},"uagb_comment_info":0,"uagb_excerpt":"R\u00e9f\u00e9rencement Naturel (SEO) Am\u00e9liorez votre visibilit\u00e9, attirez du trafic qualifi\u00e9, et gagnez en cr\u00e9dibilit\u00e9. Le r\u00e9f\u00e9rencement naturel (SEO) est un pilier fondamental du marketing digital.Chez Smart Agency, nous mettons en place des strat\u00e9gies SEO sur mesure qui permettent \u00e0 votre site web de gagner en visibilit\u00e9, d\u2019attirer un trafic qualifi\u00e9 et de convertir plus efficacement.\u2026","_links":{"self":[{"href":"https:\/\/smartagency.site\/fr\/wp-json\/wp\/v2\/pages\/2807","targetHints":{"allow":["GET"]}}],"collection":[{"href":"https:\/\/smartagency.site\/fr\/wp-json\/wp\/v2\/pages"}],"about":[{"href":"https:\/\/smartagency.site\/fr\/wp-json\/wp\/v2\/types\/page"}],"author":[{"embeddable":true,"href":"https:\/\/smartagency.site\/fr\/wp-json\/wp\/v2\/users\/1"}],"replies":[{"embeddable":true,"href":"https:\/\/smartagency.site\/fr\/wp-json\/wp\/v2\/comments?post=2807"}],"version-history":[{"count":5,"href":"https:\/\/smartagency.site\/fr\/wp-json\/wp\/v2\/pages\/2807\/revisions"}],"predecessor-version":[{"id":3441,"href":"https:\/\/smartagency.site\/fr\/wp-json\/wp\/v2\/pages\/2807\/revisions\/3441"}],"wp:attachment":[{"href":"https:\/\/smartagency.site\/fr\/wp-json\/wp\/v2\/media?parent=2807"}],"curies":[{"name":"wp","href":"https:\/\/api.w.org\/{rel}","templated":true}]}}