{"id":2809,"date":"2025-06-19T18:48:01","date_gmt":"2025-06-19T18:48:01","guid":{"rendered":"https:\/\/smartagency.site\/?page_id=2809"},"modified":"2025-07-10T10:05:50","modified_gmt":"2025-07-10T10:05:50","slug":"e-mail-marketing","status":"publish","type":"page","link":"https:\/\/smartagency.site\/fr\/e-mail-marketing\/","title":{"rendered":"E-mail marketing"},"content":{"rendered":"<div data-elementor-type=\"wp-page\" data-elementor-id=\"2809\" class=\"elementor elementor-2809\">\n\t\t\t\t<div class=\"elementor-element elementor-element-zgzjuru e-flex e-con-boxed elementor-invisible e-con e-parent\" data-id=\"zgzjuru\" data-element_type=\"container\" data-settings=\"{&quot;background_background&quot;:&quot;classic&quot;,&quot;animation&quot;:&quot;fadeIn&quot;}\">\n\t\t\t\t\t<div class=\"e-con-inner\">\n\t\t<div class=\"elementor-element elementor-element-77140b5 e-con-full e-flex e-con e-child\" data-id=\"77140b5\" data-element_type=\"container\">\n\t\t\t\t<div class=\"elementor-element elementor-element-5c922f6 elementor-invisible elementor-widget elementor-widget-heading\" data-id=\"5c922f6\" data-element_type=\"widget\" data-settings=\"{&quot;_animation&quot;:&quot;fadeInUp&quot;}\" data-widget_type=\"heading.default\">\n\t\t\t\t<div class=\"elementor-widget-container\">\n\t\t\t\t\t<h1 class=\"elementor-heading-title elementor-size-default\">Email Marketing<\/h1>\t\t\t\t<\/div>\n\t\t\t\t<\/div>\n\t\t\t\t<\/div>\n\t\t\t\t\t<\/div>\n\t\t\t\t<\/div>\n\t\t<div class=\"elementor-element elementor-element-v5garsg e-flex e-con-boxed e-con e-parent\" data-id=\"v5garsg\" data-element_type=\"container\" data-settings=\"{&quot;background_background&quot;:&quot;classic&quot;}\">\n\t\t\t\t\t<div class=\"e-con-inner\">\n\t\t<div class=\"elementor-element elementor-element-9e9f24c e-flex e-con-boxed e-con e-child\" data-id=\"9e9f24c\" data-element_type=\"container\">\n\t\t\t\t\t<div class=\"e-con-inner\">\n\t\t<div class=\"elementor-element elementor-element-a1fa886 e-con-full e-flex e-con e-child\" data-id=\"a1fa886\" data-element_type=\"container\">\n\t\t<div class=\"elementor-element elementor-element-53ff607 e-con-full e-flex e-con e-child\" data-id=\"53ff607\" data-element_type=\"container\">\n\t\t\t\t<div class=\"elementor-element elementor-element-51338b4 elementor-widget elementor-widget-image\" data-id=\"51338b4\" data-element_type=\"widget\" data-widget_type=\"image.default\">\n\t\t\t\t<div class=\"elementor-widget-container\">\n\t\t\t\t\t\t\t\t\t\t\t\t\t\t\t<img fetchpriority=\"high\" decoding=\"async\" width=\"736\" height=\"736\" src=\"https:\/\/smartagency.site\/wp-content\/uploads\/2025\/07\/EMAIL-MARKETING-1.jpg\" class=\"attachment-full size-full wp-image-3429\" alt=\"\" srcset=\"https:\/\/smartagency.site\/wp-content\/uploads\/2025\/07\/EMAIL-MARKETING-1.jpg 736w, https:\/\/smartagency.site\/wp-content\/uploads\/2025\/07\/EMAIL-MARKETING-1-300x300.jpg 300w, https:\/\/smartagency.site\/wp-content\/uploads\/2025\/07\/EMAIL-MARKETING-1-100x100.jpg 100w, https:\/\/smartagency.site\/wp-content\/uploads\/2025\/07\/EMAIL-MARKETING-1-600x600.jpg 600w, https:\/\/smartagency.site\/wp-content\/uploads\/2025\/07\/EMAIL-MARKETING-1-150x150.jpg 150w\" sizes=\"(max-width: 736px) 100vw, 736px\" \/>\t\t\t\t\t\t\t\t\t\t\t\t\t\t\t<\/div>\n\t\t\t\t<\/div>\n\t\t\t\t<\/div>\n\t\t<div class=\"elementor-element elementor-element-defab1b e-con-full e-flex e-con e-child\" data-id=\"defab1b\" data-element_type=\"container\">\n\t\t\t\t<div class=\"elementor-element elementor-element-7f53e1e elementor-widget elementor-widget-heading\" data-id=\"7f53e1e\" data-element_type=\"widget\" data-widget_type=\"heading.default\">\n\t\t\t\t<div class=\"elementor-widget-container\">\n\t\t\t\t\t<h3 class=\"elementor-heading-title elementor-size-default\">Transformer votre base d\u2019emails en levier de croissance mesurable.\n<\/h3>\t\t\t\t<\/div>\n\t\t\t\t<\/div>\n\t\t\t\t<div class=\"elementor-element elementor-element-2b501f1 elementor-widget elementor-widget-text-editor\" data-id=\"2b501f1\" data-element_type=\"widget\" data-widget_type=\"text-editor.default\">\n\t\t\t\t<div class=\"elementor-widget-container\">\n\t\t\t\t\t\t\t\t\t<p data-start=\"306\" data-end=\"495\">Dans un monde satur\u00e9 d&#8217;informations, l&#8217;email marketing reste l\u2019un des canaux les plus rentables : il vous permet de parler directement \u00e0 vos clients, au bon moment, avec le bon message.<\/p><p data-start=\"497\" data-end=\"666\">Chez <strong data-start=\"502\" data-end=\"518\">Smart Agency<\/strong>, nous cr\u00e9ons des campagnes d\u2019emailing hautement cibl\u00e9es et orient\u00e9es r\u00e9sultats, en combinant la strat\u00e9gie, la cr\u00e9ativit\u00e9 et la technologie.<\/p><p>\u00a0<\/p>\t\t\t\t\t\t\t\t<\/div>\n\t\t\t\t<\/div>\n\t\t\t\t<\/div>\n\t\t\t\t<\/div>\n\t\t\t\t\t<\/div>\n\t\t\t\t<\/div>\n\t\t\t\t\t<\/div>\n\t\t\t\t<\/div>\n\t\t<div class=\"elementor-element elementor-element-euuen02 e-flex e-con-boxed e-con e-parent\" data-id=\"euuen02\" data-element_type=\"container\">\n\t\t\t\t\t<div class=\"e-con-inner\">\n\t\t<div class=\"elementor-element elementor-element-fbe4d7a e-con-full e-flex e-con e-child\" data-id=\"fbe4d7a\" data-element_type=\"container\">\n\t\t\t\t<div class=\"elementor-element elementor-element-c45e7a7 elementor-widget elementor-widget-heading\" data-id=\"c45e7a7\" data-element_type=\"widget\" data-widget_type=\"heading.default\">\n\t\t\t\t<div class=\"elementor-widget-container\">\n\t\t\t\t\t<h2 class=\"elementor-heading-title elementor-size-default\">Transformez vos contacts en clients fid\u00e8les gr\u00e2ce \u00e0 nos campagnes email sur-mesure.<\/h2>\t\t\t\t<\/div>\n\t\t\t\t<\/div>\n\t\t\t\t<\/div>\n\t\t<div class=\"elementor-element elementor-element-617021b e-con-full e-flex e-con e-child\" data-id=\"617021b\" data-element_type=\"container\">\n\t\t\t\t<div class=\"elementor-element elementor-element-c15a3db elementor-widget elementor-widget-image\" data-id=\"c15a3db\" data-element_type=\"widget\" data-widget_type=\"image.default\">\n\t\t\t\t<div class=\"elementor-widget-container\">\n\t\t\t\t\t\t\t\t\t\t\t\t\t\t\t<img decoding=\"async\" width=\"736\" height=\"1311\" src=\"https:\/\/smartagency.site\/wp-content\/uploads\/2025\/07\/email-marketing.jpg\" class=\"attachment-full size-full wp-image-3419\" alt=\"\" srcset=\"https:\/\/smartagency.site\/wp-content\/uploads\/2025\/07\/email-marketing.jpg 736w, https:\/\/smartagency.site\/wp-content\/uploads\/2025\/07\/email-marketing-600x1069.jpg 600w, https:\/\/smartagency.site\/wp-content\/uploads\/2025\/07\/email-marketing-168x300.jpg 168w, https:\/\/smartagency.site\/wp-content\/uploads\/2025\/07\/email-marketing-575x1024.jpg 575w\" sizes=\"(max-width: 736px) 100vw, 736px\" \/>\t\t\t\t\t\t\t\t\t\t\t\t\t\t\t<\/div>\n\t\t\t\t<\/div>\n\t\t\t\t<\/div>\n\t\t<div class=\"elementor-element elementor-element-2f84551 e-con-full e-flex e-con e-child\" data-id=\"2f84551\" data-element_type=\"container\">\n\t\t\t\t<div class=\"elementor-element elementor-element-ac8dc48 elementor-widget__width-auto elementor-view-default elementor-widget elementor-widget-icon\" data-id=\"ac8dc48\" data-element_type=\"widget\" data-widget_type=\"icon.default\">\n\t\t\t\t<div class=\"elementor-widget-container\">\n\t\t\t\t\t\t\t<div class=\"elementor-icon-wrapper\">\n\t\t\t<div class=\"elementor-icon\">\n\t\t\t<i aria-hidden=\"true\" class=\"fas fa-angle-double-left\"><\/i>\t\t\t<\/div>\n\t\t<\/div>\n\t\t\t\t\t\t<\/div>\n\t\t\t\t<\/div>\n\t\t\t\t<div class=\"elementor-element elementor-element-6d90e7d elementor-widget elementor-widget-text-editor\" data-id=\"6d90e7d\" data-element_type=\"widget\" data-widget_type=\"text-editor.default\">\n\t\t\t\t<div class=\"elementor-widget-container\">\n\t\t\t\t\t\t\t\t\t<p>\u00ab Chaque email est une opportunit\u00e9 de construire une relation, pas seulement de conclure une vente. \u00bb<\/p>\t\t\t\t\t\t\t\t<\/div>\n\t\t\t\t<\/div>\n\t\t\t\t<\/div>\n\t\t\t\t\t<\/div>\n\t\t\t\t<\/div>\n\t\t<div class=\"elementor-element elementor-element-tjb9jyn e-flex e-con-boxed e-con e-parent\" data-id=\"tjb9jyn\" data-element_type=\"container\" data-settings=\"{&quot;background_background&quot;:&quot;gradient&quot;}\">\n\t\t\t\t\t<div class=\"e-con-inner\">\n\t\t<div class=\"elementor-element elementor-element-c9113a5 e-con-full e-flex elementor-invisible e-con e-child\" data-id=\"c9113a5\" data-element_type=\"container\" data-settings=\"{&quot;animation&quot;:&quot;fadeInDown&quot;}\">\n\t\t\t\t<div class=\"elementor-element elementor-element-6ed2eda elementor-view-default elementor-position-top elementor-mobile-position-top elementor-widget elementor-widget-icon-box\" data-id=\"6ed2eda\" data-element_type=\"widget\" data-widget_type=\"icon-box.default\">\n\t\t\t\t<div class=\"elementor-widget-container\">\n\t\t\t\t\t\t\t<div class=\"elementor-icon-box-wrapper\">\n\n\t\t\t\t\t\t<div class=\"elementor-icon-box-icon\">\n\t\t\t\t<span  class=\"elementor-icon\">\n\t\t\t\t<i aria-hidden=\"true\" class=\"fas fa-list-alt\"><\/i>\t\t\t\t<\/span>\n\t\t\t<\/div>\n\t\t\t\n\t\t\t\t\t\t<div class=\"elementor-icon-box-content\">\n\n\t\t\t\t\t\t\t\t\t<h4 class=\"elementor-icon-box-title\">\n\t\t\t\t\t\t<span  >\n\t\t\t\t\t\t\tSegmentation pr\u00e9cise\t\t\t\t\t\t<\/span>\n\t\t\t\t\t<\/h4>\n\t\t\t\t\n\t\t\t\t\t\t\t\t\t<p class=\"elementor-icon-box-description\">\n\t\t\t\t\t\tIdentifiez et classez vos contacts selon leurs int\u00e9r\u00eats, comportements ou historique.\nCela permet d\u2019envoyer des messages adapt\u00e9s \u00e0 chaque segment.\t\t\t\t\t<\/p>\n\t\t\t\t\n\t\t\t<\/div>\n\t\t\t\n\t\t<\/div>\n\t\t\t\t\t\t<\/div>\n\t\t\t\t<\/div>\n\t\t\t\t<\/div>\n\t\t<div class=\"elementor-element elementor-element-c887100 e-con-full e-flex elementor-invisible e-con e-child\" data-id=\"c887100\" data-element_type=\"container\" data-settings=\"{&quot;animation&quot;:&quot;fadeInDown&quot;}\">\n\t\t\t\t<div class=\"elementor-element elementor-element-ad32598 elementor-view-default elementor-position-top elementor-mobile-position-top elementor-widget elementor-widget-icon-box\" data-id=\"ad32598\" data-element_type=\"widget\" data-widget_type=\"icon-box.default\">\n\t\t\t\t<div class=\"elementor-widget-container\">\n\t\t\t\t\t\t\t<div class=\"elementor-icon-box-wrapper\">\n\n\t\t\t\t\t\t<div class=\"elementor-icon-box-icon\">\n\t\t\t\t<span  class=\"elementor-icon\">\n\t\t\t\t<i aria-hidden=\"true\" class=\"fas fa-hand-holding-heart\"><\/i>\t\t\t\t<\/span>\n\t\t\t<\/div>\n\t\t\t\n\t\t\t\t\t\t<div class=\"elementor-icon-box-content\">\n\n\t\t\t\t\t\t\t\t\t<h4 class=\"elementor-icon-box-title\">\n\t\t\t\t\t\t<span  >\n\t\t\t\t\t\t\tContenus engageants\t\t\t\t\t\t<\/span>\n\t\t\t\t\t<\/h4>\n\t\t\t\t\n\t\t\t\t\t\t\t\t\t<p class=\"elementor-icon-box-description\">\n\t\t\t\t\t\tNous concevons des emails attrayants, bien structur\u00e9s et orient\u00e9s conversion.\nTitres percutants, visuels soign\u00e9s et appels \u00e0 l\u2019action efficaces.\n\n\n\t\t\t\t\t<\/p>\n\t\t\t\t\n\t\t\t<\/div>\n\t\t\t\n\t\t<\/div>\n\t\t\t\t\t\t<\/div>\n\t\t\t\t<\/div>\n\t\t\t\t<\/div>\n\t\t<div class=\"elementor-element elementor-element-c72174c e-con-full e-flex elementor-invisible e-con e-child\" data-id=\"c72174c\" data-element_type=\"container\" data-settings=\"{&quot;animation&quot;:&quot;fadeInDown&quot;}\">\n\t\t\t\t<div class=\"elementor-element elementor-element-bba7d4e elementor-view-default elementor-position-top elementor-mobile-position-top elementor-widget elementor-widget-icon-box\" data-id=\"bba7d4e\" data-element_type=\"widget\" data-widget_type=\"icon-box.default\">\n\t\t\t\t<div class=\"elementor-widget-container\">\n\t\t\t\t\t\t\t<div class=\"elementor-icon-box-wrapper\">\n\n\t\t\t\t\t\t<div class=\"elementor-icon-box-icon\">\n\t\t\t\t<span  class=\"elementor-icon\">\n\t\t\t\t<i aria-hidden=\"true\" class=\"far fa-clock\"><\/i>\t\t\t\t<\/span>\n\t\t\t<\/div>\n\t\t\t\n\t\t\t\t\t\t<div class=\"elementor-icon-box-content\">\n\n\t\t\t\t\t\t\t\t\t<h4 class=\"elementor-icon-box-title\">\n\t\t\t\t\t\t<span  >\n\t\t\t\t\t\t\tAutomatisation intelligente\t\t\t\t\t\t<\/span>\n\t\t\t\t\t<\/h4>\n\t\t\t\t\n\t\t\t\t\t\t\t\t\t<p class=\"elementor-icon-box-description\">\n\t\t\t\t\t\t\nEnvoyez les bons messages au bon moment sans intervention manuelle.\nGagnez du temps tout en maintenant une relation active avec vos clients.\t\t\t\t\t<\/p>\n\t\t\t\t\n\t\t\t<\/div>\n\t\t\t\n\t\t<\/div>\n\t\t\t\t\t\t<\/div>\n\t\t\t\t<\/div>\n\t\t\t\t<\/div>\n\t\t<div class=\"elementor-element elementor-element-97b8c80 e-con-full e-flex elementor-invisible e-con e-child\" data-id=\"97b8c80\" data-element_type=\"container\" data-settings=\"{&quot;animation&quot;:&quot;fadeInDown&quot;}\">\n\t\t\t\t<div class=\"elementor-element elementor-element-cb1c56e elementor-view-default elementor-position-top elementor-mobile-position-top elementor-widget elementor-widget-icon-box\" data-id=\"cb1c56e\" data-element_type=\"widget\" data-settings=\"{&quot;_animation&quot;:&quot;none&quot;}\" data-widget_type=\"icon-box.default\">\n\t\t\t\t<div class=\"elementor-widget-container\">\n\t\t\t\t\t\t\t<div class=\"elementor-icon-box-wrapper\">\n\n\t\t\t\t\t\t<div class=\"elementor-icon-box-icon\">\n\t\t\t\t<span  class=\"elementor-icon\">\n\t\t\t\t<i aria-hidden=\"true\" class=\"fas fa-chart-bar\"><\/i>\t\t\t\t<\/span>\n\t\t\t<\/div>\n\t\t\t\n\t\t\t\t\t\t<div class=\"elementor-icon-box-content\">\n\n\t\t\t\t\t\t\t\t\t<h4 class=\"elementor-icon-box-title\">\n\t\t\t\t\t\t<span  >\n\t\t\t\t\t\t\tAnalyse des performances\t\t\t\t\t\t<\/span>\n\t\t\t\t\t<\/h4>\n\t\t\t\t\n\t\t\t\t\t\t\t\t\t<p class=\"elementor-icon-box-description\">\n\t\t\t\t\t\tMesurez l\u2019efficacit\u00e9 de vos campagnes : ouvertures, clics, conversions, etc.\nIdentifiez ce qui fonctionne et ce qui doit \u00eatre am\u00e9lior\u00e9.\n\n\t\t\t\t\t<\/p>\n\t\t\t\t\n\t\t\t<\/div>\n\t\t\t\n\t\t<\/div>\n\t\t\t\t\t\t<\/div>\n\t\t\t\t<\/div>\n\t\t\t\t<\/div>\n\t\t\t\t\t<\/div>\n\t\t\t\t<\/div>\n\t\t\t\t<\/div>","protected":false},"excerpt":{"rendered":"<p>Email Marketing Transformer votre base d\u2019emails en levier de croissance mesurable. Dans un monde satur\u00e9 d&#8217;informations, l&#8217;email marketing reste l\u2019un des canaux les plus rentables : il vous permet de parler directement \u00e0 vos clients, au bon moment, avec le bon message. Chez Smart Agency, nous cr\u00e9ons des campagnes d\u2019emailing hautement cibl\u00e9es et orient\u00e9es r\u00e9sultats, [&hellip;]<\/p>","protected":false},"author":1,"featured_media":0,"parent":0,"menu_order":0,"comment_status":"closed","ping_status":"closed","template":"","meta":{"_eb_attr":"","_uag_custom_page_level_css":"","site-sidebar-layout":"no-sidebar","site-content-layout":"page-builder","ast-site-content-layout":"full-width-container","site-content-style":"default","site-sidebar-style":"default","ast-global-header-display":"","ast-banner-title-visibility":"","ast-main-header-display":"","ast-hfb-above-header-display":"","ast-hfb-below-header-display":"","ast-hfb-mobile-header-display":"","site-post-title":"disabled","ast-breadcrumbs-content":"","ast-featured-img":"disabled","footer-sml-layout":"","theme-transparent-header-meta":"","adv-header-id-meta":"","stick-header-meta":"","header-above-stick-meta":"","header-main-stick-meta":"","header-below-stick-meta":"","astra-migrate-meta-layouts":"set","ast-page-background-enabled":"default","ast-page-background-meta":{"desktop":{"background-color":"","background-image":"","background-repeat":"repeat","background-position":"center center","background-size":"auto","background-attachment":"scroll","background-type":"","background-media":"","overlay-type":"","overlay-color":"","overlay-opacity":"","overlay-gradient":""},"tablet":{"background-color":"","background-image":"","background-repeat":"repeat","background-position":"center center","background-size":"auto","background-attachment":"scroll","background-type":"","background-media":"","overlay-type":"","overlay-color":"","overlay-opacity":"","overlay-gradient":""},"mobile":{"background-color":"","background-image":"","background-repeat":"repeat","background-position":"center center","background-size":"auto","background-attachment":"scroll","background-type":"","background-media":"","overlay-type":"","overlay-color":"","overlay-opacity":"","overlay-gradient":""}},"ast-content-background-meta":{"desktop":{"background-color":"var(--ast-global-color-5)","background-image":"","background-repeat":"repeat","background-position":"center center","background-size":"auto","background-attachment":"scroll","background-type":"","background-media":"","overlay-type":"","overlay-color":"","overlay-opacity":"","overlay-gradient":""},"tablet":{"background-color":"var(--ast-global-color-5)","background-image":"","background-repeat":"repeat","background-position":"center center","background-size":"auto","background-attachment":"scroll","background-type":"","background-media":"","overlay-type":"","overlay-color":"","overlay-opacity":"","overlay-gradient":""},"mobile":{"background-color":"var(--ast-global-color-5)","background-image":"","background-repeat":"repeat","background-position":"center center","background-size":"auto","background-attachment":"scroll","background-type":"","background-media":"","overlay-type":"","overlay-color":"","overlay-opacity":"","overlay-gradient":""}},"footnotes":""},"class_list":["post-2809","page","type-page","status-publish","hentry"],"yoast_head":"<!-- This site is optimized with the Yoast SEO Premium plugin v25.3.1 (Yoast SEO v25.3.1) - https:\/\/yoast.com\/wordpress\/plugins\/seo\/ -->\n<title>E-mail marketing - Smart Agency<\/title>\n<meta name=\"robots\" content=\"index, follow, max-snippet:-1, max-image-preview:large, max-video-preview:-1\" \/>\n<link rel=\"canonical\" href=\"https:\/\/smartagency.site\/fr\/e-mail-marketing\/\" \/>\n<meta property=\"og:locale\" content=\"fr_FR\" \/>\n<meta property=\"og:type\" content=\"article\" \/>\n<meta property=\"og:title\" content=\"E-mail marketing\" \/>\n<meta property=\"og:description\" content=\"Email Marketing Transformer votre base d\u2019emails en levier de croissance mesurable. Dans un monde satur\u00e9 d&#8217;informations, l&#8217;email marketing reste l\u2019un des canaux les plus rentables : il vous permet de parler directement \u00e0 vos clients, au bon moment, avec le bon message. Chez Smart Agency, nous cr\u00e9ons des campagnes d\u2019emailing hautement cibl\u00e9es et orient\u00e9es r\u00e9sultats, [&hellip;]\" \/>\n<meta property=\"og:url\" content=\"https:\/\/smartagency.site\/fr\/e-mail-marketing\/\" \/>\n<meta property=\"og:site_name\" content=\"Smart Agency\" \/>\n<meta property=\"article:modified_time\" content=\"2025-07-10T10:05:50+00:00\" \/>\n<meta property=\"og:image\" content=\"https:\/\/smartagency.site\/wp-content\/uploads\/2025\/07\/EMAIL-MARKETING-1.jpg\" \/>\n\t<meta property=\"og:image:width\" content=\"736\" \/>\n\t<meta property=\"og:image:height\" content=\"736\" \/>\n\t<meta property=\"og:image:type\" content=\"image\/jpeg\" \/>\n<meta name=\"twitter:card\" content=\"summary_large_image\" \/>\n<meta name=\"twitter:label1\" content=\"Dur\u00e9e de lecture estim\u00e9e\" \/>\n\t<meta name=\"twitter:data1\" content=\"1 minute\" \/>\n<script type=\"application\/ld+json\" class=\"yoast-schema-graph\">{\"@context\":\"https:\/\/schema.org\",\"@graph\":[{\"@type\":\"WebPage\",\"@id\":\"https:\/\/smartagency.site\/e-mail-marketing\/\",\"url\":\"https:\/\/smartagency.site\/e-mail-marketing\/\",\"name\":\"E-mail marketing - Smart Agency\",\"isPartOf\":{\"@id\":\"https:\/\/smartagency.site\/#website\"},\"primaryImageOfPage\":{\"@id\":\"https:\/\/smartagency.site\/e-mail-marketing\/#primaryimage\"},\"image\":{\"@id\":\"https:\/\/smartagency.site\/e-mail-marketing\/#primaryimage\"},\"thumbnailUrl\":\"https:\/\/smartagency.site\/wp-content\/uploads\/2025\/07\/EMAIL-MARKETING-1.jpg\",\"datePublished\":\"2025-06-19T18:48:01+00:00\",\"dateModified\":\"2025-07-10T10:05:50+00:00\",\"breadcrumb\":{\"@id\":\"https:\/\/smartagency.site\/e-mail-marketing\/#breadcrumb\"},\"inLanguage\":\"fr-FR\",\"potentialAction\":[{\"@type\":\"ReadAction\",\"target\":[\"https:\/\/smartagency.site\/e-mail-marketing\/\"]}]},{\"@type\":\"ImageObject\",\"inLanguage\":\"fr-FR\",\"@id\":\"https:\/\/smartagency.site\/e-mail-marketing\/#primaryimage\",\"url\":\"https:\/\/smartagency.site\/wp-content\/uploads\/2025\/07\/EMAIL-MARKETING-1.jpg\",\"contentUrl\":\"https:\/\/smartagency.site\/wp-content\/uploads\/2025\/07\/EMAIL-MARKETING-1.jpg\"},{\"@type\":\"BreadcrumbList\",\"@id\":\"https:\/\/smartagency.site\/e-mail-marketing\/#breadcrumb\",\"itemListElement\":[{\"@type\":\"ListItem\",\"position\":1,\"name\":\"Home\",\"item\":\"https:\/\/smartagency.site\/\"},{\"@type\":\"ListItem\",\"position\":2,\"name\":\"E-mail marketing\"}]},{\"@type\":\"WebSite\",\"@id\":\"https:\/\/smartagency.site\/#website\",\"url\":\"https:\/\/smartagency.site\/\",\"name\":\"Smart Agency\",\"description\":\"Smart Agency Website\",\"publisher\":{\"@id\":\"https:\/\/smartagency.site\/#organization\"},\"potentialAction\":[{\"@type\":\"SearchAction\",\"target\":{\"@type\":\"EntryPoint\",\"urlTemplate\":\"https:\/\/smartagency.site\/?s={search_term_string}\"},\"query-input\":{\"@type\":\"PropertyValueSpecification\",\"valueRequired\":true,\"valueName\":\"search_term_string\"}}],\"inLanguage\":\"fr-FR\"},{\"@type\":\"Organization\",\"@id\":\"https:\/\/smartagency.site\/#organization\",\"name\":\"Smart Agency\",\"url\":\"https:\/\/smartagency.site\/\",\"logo\":{\"@type\":\"ImageObject\",\"inLanguage\":\"fr-FR\",\"@id\":\"https:\/\/smartagency.site\/#\/schema\/logo\/image\/\",\"url\":\"https:\/\/smartagency.site\/wp-content\/uploads\/2025\/07\/cropped-Ajouter_un_sous-titre__4_-removebg-preview.png\",\"contentUrl\":\"https:\/\/smartagency.site\/wp-content\/uploads\/2025\/07\/cropped-Ajouter_un_sous-titre__4_-removebg-preview.png\",\"width\":446,\"height\":150,\"caption\":\"Smart Agency\"},\"image\":{\"@id\":\"https:\/\/smartagency.site\/#\/schema\/logo\/image\/\"}}]}<\/script>\n<!-- \/ Yoast SEO Premium plugin. -->","yoast_head_json":{"title":"E-mail marketing - Smart Agency","robots":{"index":"index","follow":"follow","max-snippet":"max-snippet:-1","max-image-preview":"max-image-preview:large","max-video-preview":"max-video-preview:-1"},"canonical":"https:\/\/smartagency.site\/fr\/e-mail-marketing\/","og_locale":"fr_FR","og_type":"article","og_title":"E-mail marketing","og_description":"Email Marketing Transformer votre base d\u2019emails en levier de croissance mesurable. Dans un monde satur\u00e9 d&#8217;informations, l&#8217;email marketing reste l\u2019un des canaux les plus rentables : il vous permet de parler directement \u00e0 vos clients, au bon moment, avec le bon message. Chez Smart Agency, nous cr\u00e9ons des campagnes d\u2019emailing hautement cibl\u00e9es et orient\u00e9es r\u00e9sultats, [&hellip;]","og_url":"https:\/\/smartagency.site\/fr\/e-mail-marketing\/","og_site_name":"Smart Agency","article_modified_time":"2025-07-10T10:05:50+00:00","og_image":[{"width":736,"height":736,"url":"https:\/\/smartagency.site\/wp-content\/uploads\/2025\/07\/EMAIL-MARKETING-1.jpg","type":"image\/jpeg"}],"twitter_card":"summary_large_image","twitter_misc":{"Dur\u00e9e de lecture estim\u00e9e":"1 minute"},"schema":{"@context":"https:\/\/schema.org","@graph":[{"@type":"WebPage","@id":"https:\/\/smartagency.site\/e-mail-marketing\/","url":"https:\/\/smartagency.site\/e-mail-marketing\/","name":"E-mail marketing - Smart Agency","isPartOf":{"@id":"https:\/\/smartagency.site\/#website"},"primaryImageOfPage":{"@id":"https:\/\/smartagency.site\/e-mail-marketing\/#primaryimage"},"image":{"@id":"https:\/\/smartagency.site\/e-mail-marketing\/#primaryimage"},"thumbnailUrl":"https:\/\/smartagency.site\/wp-content\/uploads\/2025\/07\/EMAIL-MARKETING-1.jpg","datePublished":"2025-06-19T18:48:01+00:00","dateModified":"2025-07-10T10:05:50+00:00","breadcrumb":{"@id":"https:\/\/smartagency.site\/e-mail-marketing\/#breadcrumb"},"inLanguage":"fr-FR","potentialAction":[{"@type":"ReadAction","target":["https:\/\/smartagency.site\/e-mail-marketing\/"]}]},{"@type":"ImageObject","inLanguage":"fr-FR","@id":"https:\/\/smartagency.site\/e-mail-marketing\/#primaryimage","url":"https:\/\/smartagency.site\/wp-content\/uploads\/2025\/07\/EMAIL-MARKETING-1.jpg","contentUrl":"https:\/\/smartagency.site\/wp-content\/uploads\/2025\/07\/EMAIL-MARKETING-1.jpg"},{"@type":"BreadcrumbList","@id":"https:\/\/smartagency.site\/e-mail-marketing\/#breadcrumb","itemListElement":[{"@type":"ListItem","position":1,"name":"Home","item":"https:\/\/smartagency.site\/"},{"@type":"ListItem","position":2,"name":"E-mail marketing"}]},{"@type":"WebSite","@id":"https:\/\/smartagency.site\/#website","url":"https:\/\/smartagency.site\/","name":"Smart Agency","description":"Smart Agency Website","publisher":{"@id":"https:\/\/smartagency.site\/#organization"},"potentialAction":[{"@type":"SearchAction","target":{"@type":"EntryPoint","urlTemplate":"https:\/\/smartagency.site\/?s={search_term_string}"},"query-input":{"@type":"PropertyValueSpecification","valueRequired":true,"valueName":"search_term_string"}}],"inLanguage":"fr-FR"},{"@type":"Organization","@id":"https:\/\/smartagency.site\/#organization","name":"Smart Agency","url":"https:\/\/smartagency.site\/","logo":{"@type":"ImageObject","inLanguage":"fr-FR","@id":"https:\/\/smartagency.site\/#\/schema\/logo\/image\/","url":"https:\/\/smartagency.site\/wp-content\/uploads\/2025\/07\/cropped-Ajouter_un_sous-titre__4_-removebg-preview.png","contentUrl":"https:\/\/smartagency.site\/wp-content\/uploads\/2025\/07\/cropped-Ajouter_un_sous-titre__4_-removebg-preview.png","width":446,"height":150,"caption":"Smart Agency"},"image":{"@id":"https:\/\/smartagency.site\/#\/schema\/logo\/image\/"}}]}},"uagb_featured_image_src":{"full":false,"thumbnail":false,"medium":false,"medium_large":false,"large":false,"1536x1536":false,"2048x2048":false,"trp-custom-language-flag":false,"woocommerce_thumbnail":false,"woocommerce_single":false,"woocommerce_gallery_thumbnail":false},"uagb_author_info":{"display_name":"uness","author_link":"https:\/\/smartagency.site\/fr\/author\/uness\/"},"uagb_comment_info":0,"uagb_excerpt":"Email Marketing Transformer votre base d\u2019emails en levier de croissance mesurable. Dans un monde satur\u00e9 d&#8217;informations, l&#8217;email marketing reste l\u2019un des canaux les plus rentables : il vous permet de parler directement \u00e0 vos clients, au bon moment, avec le bon message. Chez Smart Agency, nous cr\u00e9ons des campagnes d\u2019emailing hautement cibl\u00e9es et orient\u00e9es r\u00e9sultats,\u2026","_links":{"self":[{"href":"https:\/\/smartagency.site\/fr\/wp-json\/wp\/v2\/pages\/2809","targetHints":{"allow":["GET"]}}],"collection":[{"href":"https:\/\/smartagency.site\/fr\/wp-json\/wp\/v2\/pages"}],"about":[{"href":"https:\/\/smartagency.site\/fr\/wp-json\/wp\/v2\/types\/page"}],"author":[{"embeddable":true,"href":"https:\/\/smartagency.site\/fr\/wp-json\/wp\/v2\/users\/1"}],"replies":[{"embeddable":true,"href":"https:\/\/smartagency.site\/fr\/wp-json\/wp\/v2\/comments?post=2809"}],"version-history":[{"count":5,"href":"https:\/\/smartagency.site\/fr\/wp-json\/wp\/v2\/pages\/2809\/revisions"}],"predecessor-version":[{"id":3473,"href":"https:\/\/smartagency.site\/fr\/wp-json\/wp\/v2\/pages\/2809\/revisions\/3473"}],"wp:attachment":[{"href":"https:\/\/smartagency.site\/fr\/wp-json\/wp\/v2\/media?parent=2809"}],"curies":[{"name":"wp","href":"https:\/\/api.w.org\/{rel}","templated":true}]}}