{"id":3039,"date":"2025-06-26T19:17:20","date_gmt":"2025-06-26T19:17:20","guid":{"rendered":"https:\/\/smartagency.site\/?page_id=3039"},"modified":"2025-07-08T20:06:30","modified_gmt":"2025-07-08T20:06:30","slug":"la-publicite-en-ligne","status":"publish","type":"page","link":"https:\/\/smartagency.site\/fr\/la-publicite-en-ligne\/","title":{"rendered":"La publicit\u00e9 en ligne"},"content":{"rendered":"<div data-elementor-type=\"wp-page\" data-elementor-id=\"3039\" class=\"elementor elementor-3039\">\n\t\t\t\t<div class=\"elementor-element elementor-element-bif95at e-flex e-con-boxed elementor-invisible e-con e-parent\" data-id=\"bif95at\" data-element_type=\"container\" data-settings=\"{&quot;background_background&quot;:&quot;classic&quot;,&quot;animation&quot;:&quot;fadeIn&quot;}\">\n\t\t\t\t\t<div class=\"e-con-inner\">\n\t\t<div class=\"elementor-element elementor-element-77140b5 e-con-full e-flex e-con e-child\" data-id=\"77140b5\" data-element_type=\"container\">\n\t\t\t\t<div class=\"elementor-element elementor-element-5c922f6 elementor-invisible elementor-widget elementor-widget-heading\" data-id=\"5c922f6\" data-element_type=\"widget\" data-settings=\"{&quot;_animation&quot;:&quot;fadeInUp&quot;}\" data-widget_type=\"heading.default\">\n\t\t\t\t<div class=\"elementor-widget-container\">\n\t\t\t\t\t<h1 class=\"elementor-heading-title elementor-size-default\">Publicit\u00e9 en ligne\n<\/h1>\t\t\t\t<\/div>\n\t\t\t\t<\/div>\n\t\t\t\t<\/div>\n\t\t\t\t\t<\/div>\n\t\t\t\t<\/div>\n\t\t<div class=\"elementor-element elementor-element-dxl54nb e-flex e-con-boxed e-con e-parent\" data-id=\"dxl54nb\" data-element_type=\"container\" data-settings=\"{&quot;background_background&quot;:&quot;classic&quot;}\">\n\t\t\t\t\t<div class=\"e-con-inner\">\n\t\t<div class=\"elementor-element elementor-element-9e9f24c e-flex e-con-boxed e-con e-child\" data-id=\"9e9f24c\" data-element_type=\"container\">\n\t\t\t\t\t<div class=\"e-con-inner\">\n\t\t<div class=\"elementor-element elementor-element-a1fa886 e-con-full e-flex e-con e-child\" data-id=\"a1fa886\" data-element_type=\"container\">\n\t\t<div class=\"elementor-element elementor-element-53ff607 e-con-full e-flex e-con e-child\" data-id=\"53ff607\" data-element_type=\"container\">\n\t\t\t\t<div class=\"elementor-element elementor-element-51338b4 elementor-widget elementor-widget-image\" data-id=\"51338b4\" data-element_type=\"widget\" data-widget_type=\"image.default\">\n\t\t\t\t<div class=\"elementor-widget-container\">\n\t\t\t\t\t\t\t\t\t\t\t\t\t\t\t<img fetchpriority=\"high\" decoding=\"async\" width=\"735\" height=\"490\" src=\"https:\/\/smartagency.site\/wp-content\/uploads\/2025\/07\/8a5052544bf3a93c735103b1d9ad0b15.jpg\" class=\"attachment-full size-full wp-image-3395\" alt=\"\" srcset=\"https:\/\/smartagency.site\/wp-content\/uploads\/2025\/07\/8a5052544bf3a93c735103b1d9ad0b15.jpg 735w, https:\/\/smartagency.site\/wp-content\/uploads\/2025\/07\/8a5052544bf3a93c735103b1d9ad0b15-600x400.jpg 600w, https:\/\/smartagency.site\/wp-content\/uploads\/2025\/07\/8a5052544bf3a93c735103b1d9ad0b15-300x200.jpg 300w\" sizes=\"(max-width: 735px) 100vw, 735px\" \/>\t\t\t\t\t\t\t\t\t\t\t\t\t\t\t<\/div>\n\t\t\t\t<\/div>\n\t\t\t\t<\/div>\n\t\t<div class=\"elementor-element elementor-element-defab1b e-con-full e-flex e-con e-child\" data-id=\"defab1b\" data-element_type=\"container\">\n\t\t\t\t<div class=\"elementor-element elementor-element-7f53e1e elementor-widget elementor-widget-heading\" data-id=\"7f53e1e\" data-element_type=\"widget\" data-widget_type=\"heading.default\">\n\t\t\t\t<div class=\"elementor-widget-container\">\n\t\t\t\t\t<h5 class=\"elementor-heading-title elementor-size-default\">Acc\u00e9l\u00e9rez votre croissance gr\u00e2ce \u00e0 des campagnes digitales performantes.<\/h5>\t\t\t\t<\/div>\n\t\t\t\t<\/div>\n\t\t\t\t<div class=\"elementor-element elementor-element-2b501f1 elementor-widget elementor-widget-text-editor\" data-id=\"2b501f1\" data-element_type=\"widget\" data-widget_type=\"text-editor.default\">\n\t\t\t\t<div class=\"elementor-widget-container\">\n\t\t\t\t\t\t\t\t\t<p data-start=\"295\" data-end=\"501\">Dans un environnement digital en constante \u00e9volution, la publicit\u00e9 en ligne est l\u2019un des leviers les plus puissants pour <strong data-start=\"416\" data-end=\"500\">d\u00e9velopper votre visibilit\u00e9, g\u00e9n\u00e9rer des leads qualifi\u00e9s et augmenter vos ventes<\/strong>.<\/p><p data-start=\"295\" data-end=\"501\">Chez <strong data-start=\"508\" data-end=\"524\">Smart Agency<\/strong>, nous concevons des campagnes publicitaires <strong data-start=\"569\" data-end=\"608\">strat\u00e9giques, cibl\u00e9es et mesurables<\/strong> sur les principales plateformes : Google, Meta (Facebook &amp; Instagram), TikTok, YouTube et LinkedIn.<\/p>\t\t\t\t\t\t\t\t<\/div>\n\t\t\t\t<\/div>\n\t\t\t\t<\/div>\n\t\t\t\t<\/div>\n\t\t\t\t\t<\/div>\n\t\t\t\t<\/div>\n\t\t\t\t\t<\/div>\n\t\t\t\t<\/div>\n\t\t<div class=\"elementor-element elementor-element-h70eq47 e-flex e-con-boxed e-con e-parent\" data-id=\"h70eq47\" data-element_type=\"container\">\n\t\t\t\t\t<div class=\"e-con-inner\">\n\t\t<div class=\"elementor-element elementor-element-40552d9 e-con-full e-flex e-con e-child\" data-id=\"40552d9\" data-element_type=\"container\">\n\t\t\t\t<div class=\"elementor-element elementor-element-2fa8427 elementor-widget elementor-widget-heading\" data-id=\"2fa8427\" data-element_type=\"widget\" data-widget_type=\"heading.default\">\n\t\t\t\t<div class=\"elementor-widget-container\">\n\t\t\t\t\t<h2 class=\"elementor-heading-title elementor-size-default\">Ce que nous offrons\n<\/h2>\t\t\t\t<\/div>\n\t\t\t\t<\/div>\n\t\t\t\t<div class=\"elementor-element elementor-element-e9a8110 elementor-widget-divider--view-line elementor-widget elementor-widget-divider\" data-id=\"e9a8110\" data-element_type=\"widget\" data-widget_type=\"divider.default\">\n\t\t\t\t<div class=\"elementor-widget-container\">\n\t\t\t\t\t\t\t<div class=\"elementor-divider\">\n\t\t\t<span class=\"elementor-divider-separator\">\n\t\t\t\t\t\t<\/span>\n\t\t<\/div>\n\t\t\t\t\t\t<\/div>\n\t\t\t\t<\/div>\n\t\t\t\t<\/div>\n\t\t\t\t\t<\/div>\n\t\t\t\t<\/div>\n\t\t<div class=\"elementor-element elementor-element-ruedgwn e-flex e-con-boxed e-con e-parent\" data-id=\"ruedgwn\" data-element_type=\"container\" data-settings=\"{&quot;background_background&quot;:&quot;classic&quot;}\">\n\t\t\t\t\t<div class=\"e-con-inner\">\n\t\t<div class=\"elementor-element elementor-element-1e80ded e-con-full e-flex e-con e-child\" data-id=\"1e80ded\" data-element_type=\"container\">\n\t\t\t\t<\/div>\n\t\t\t\t\t<\/div>\n\t\t\t\t<\/div>\n\t\t<div class=\"elementor-element elementor-element-k2dwgxo e-flex e-con-boxed e-con e-parent\" data-id=\"k2dwgxo\" data-element_type=\"container\" data-settings=\"{&quot;background_background&quot;:&quot;classic&quot;}\">\n\t\t\t\t\t<div class=\"e-con-inner\">\n\t\t<div class=\"elementor-element elementor-element-1e80ded e-con-full e-flex e-con e-child\" data-id=\"1e80ded\" data-element_type=\"container\">\n\t\t<div class=\"elementor-element elementor-element-ad7d1ce e-con-full e-flex e-con e-child\" data-id=\"ad7d1ce\" data-element_type=\"container\">\n\t\t<div class=\"elementor-element elementor-element-ed8ee6b e-con-full e-flex elementor-invisible e-con e-child\" data-id=\"ed8ee6b\" data-element_type=\"container\" data-settings=\"{&quot;background_background&quot;:&quot;classic&quot;,&quot;animation&quot;:&quot;zoomInUp&quot;}\">\n\t\t\t\t<div class=\"elementor-element elementor-element-af1303d elementor-view-default elementor-position-top elementor-mobile-position-top elementor-widget elementor-widget-icon-box\" data-id=\"af1303d\" data-element_type=\"widget\" data-widget_type=\"icon-box.default\">\n\t\t\t\t<div class=\"elementor-widget-container\">\n\t\t\t\t\t\t\t<div class=\"elementor-icon-box-wrapper\">\n\n\t\t\t\t\t\t<div class=\"elementor-icon-box-icon\">\n\t\t\t\t<span  class=\"elementor-icon\">\n\t\t\t\t<i aria-hidden=\"true\" class=\"fab fa-facebook\"><\/i>\t\t\t\t<\/span>\n\t\t\t<\/div>\n\t\t\t\n\t\t\t\t\t\t<div class=\"elementor-icon-box-content\">\n\n\t\t\t\t\t\t\t\t\t<h4 class=\"elementor-icon-box-title\">\n\t\t\t\t\t\t<span  >\n\t\t\t\t\t\t\tPub sur Facebook et Instagram\t\t\t\t\t\t<\/span>\n\t\t\t\t\t<\/h4>\n\t\t\t\t\n\t\t\t\t\t\t\t\t\t<p class=\"elementor-icon-box-description\">\n\t\t\t\t\t\tBoostez votre visibilit\u00e9 avec notre expertise en sponsoring Facebook et Instagram. Maximisez votre impact publicitaire en ligne avec des bons r\u00e9sultats.\t\t\t\t\t<\/p>\n\t\t\t\t\n\t\t\t<\/div>\n\t\t\t\n\t\t<\/div>\n\t\t\t\t\t\t<\/div>\n\t\t\t\t<\/div>\n\t\t\t\t<\/div>\n\t\t<div class=\"elementor-element elementor-element-e006f97 e-con-full e-flex elementor-invisible e-con e-child\" data-id=\"e006f97\" data-element_type=\"container\" data-settings=\"{&quot;background_background&quot;:&quot;classic&quot;,&quot;animation&quot;:&quot;zoomInUp&quot;}\">\n\t\t\t\t<div class=\"elementor-element elementor-element-b7efb54 elementor-view-default elementor-position-top elementor-mobile-position-top elementor-widget elementor-widget-icon-box\" data-id=\"b7efb54\" data-element_type=\"widget\" data-widget_type=\"icon-box.default\">\n\t\t\t\t<div class=\"elementor-widget-container\">\n\t\t\t\t\t\t\t<div class=\"elementor-icon-box-wrapper\">\n\n\t\t\t\t\t\t<div class=\"elementor-icon-box-icon\">\n\t\t\t\t<span  class=\"elementor-icon\">\n\t\t\t\t<i aria-hidden=\"true\" class=\"fab fa-google\"><\/i>\t\t\t\t<\/span>\n\t\t\t<\/div>\n\t\t\t\n\t\t\t\t\t\t<div class=\"elementor-icon-box-content\">\n\n\t\t\t\t\t\t\t\t\t<h3 class=\"elementor-icon-box-title\">\n\t\t\t\t\t\t<span  >\n\t\t\t\t\t\t\tPublicit\u00e9 sur google\t\t\t\t\t\t<\/span>\n\t\t\t\t\t<\/h3>\n\t\t\t\t\n\t\t\t\t\t\t\t\t\t<p class=\"elementor-icon-box-description\">\n\t\t\t\t\t\tPropulsez votre pr\u00e9sence en ligne avec nos Packs de Publicit\u00e9 sur Google, con\u00e7us pour maximiser votre visibilit\u00e9 et atteindre votre audience cible.\n\n\t\t\t\t\t<\/p>\n\t\t\t\t\n\t\t\t<\/div>\n\t\t\t\n\t\t<\/div>\n\t\t\t\t\t\t<\/div>\n\t\t\t\t<\/div>\n\t\t\t\t<\/div>\n\t\t<div class=\"elementor-element elementor-element-28fdf1e e-con-full e-flex elementor-invisible e-con e-child\" data-id=\"28fdf1e\" data-element_type=\"container\" data-settings=\"{&quot;background_background&quot;:&quot;classic&quot;,&quot;animation&quot;:&quot;zoomInUp&quot;}\">\n\t\t\t\t<div class=\"elementor-element elementor-element-a342a1c elementor-view-default elementor-position-top elementor-mobile-position-top elementor-widget elementor-widget-icon-box\" data-id=\"a342a1c\" data-element_type=\"widget\" data-widget_type=\"icon-box.default\">\n\t\t\t\t<div class=\"elementor-widget-container\">\n\t\t\t\t\t\t\t<div class=\"elementor-icon-box-wrapper\">\n\n\t\t\t\t\t\t<div class=\"elementor-icon-box-icon\">\n\t\t\t\t<span  class=\"elementor-icon\">\n\t\t\t\t<i aria-hidden=\"true\" class=\"fas fa-laptop-code\"><\/i>\t\t\t\t<\/span>\n\t\t\t<\/div>\n\t\t\t\n\t\t\t\t\t\t<div class=\"elementor-icon-box-content\">\n\n\t\t\t\t\t\t\t\t\t<h3 class=\"elementor-icon-box-title\">\n\t\t\t\t\t\t<span  >\n\t\t\t\t\t\t\tPublicit\u00e9 sur Sites & Youtube\t\t\t\t\t\t<\/span>\n\t\t\t\t\t<\/h3>\n\t\t\t\t\n\t\t\t\t\t\t\t\t\t<p class=\"elementor-icon-box-description\">\n\t\t\t\t\t\tParcourez nos packs de publicit\u00e9 sur sites & Youtube. Avec nos solutions agiles, vous pourrez lancer vos campagnes Google Display ou Youtube en quelques clics.\n\n\t\t\t\t\t<\/p>\n\t\t\t\t\n\t\t\t<\/div>\n\t\t\t\n\t\t<\/div>\n\t\t\t\t\t\t<\/div>\n\t\t\t\t<\/div>\n\t\t\t\t<\/div>\n\t\t\t\t<\/div>\n\t\t\t\t<\/div>\n\t\t\t\t\t<\/div>\n\t\t\t\t<\/div>\n\t\t\t\t<\/div>","protected":false},"excerpt":{"rendered":"<p>Publicit\u00e9 en ligne Acc\u00e9l\u00e9rez votre croissance gr\u00e2ce \u00e0 des campagnes digitales performantes. Dans un environnement digital en constante \u00e9volution, la publicit\u00e9 en ligne est l\u2019un des leviers les plus puissants pour d\u00e9velopper votre visibilit\u00e9, g\u00e9n\u00e9rer des leads qualifi\u00e9s et augmenter vos ventes. Chez Smart Agency, nous concevons des campagnes publicitaires strat\u00e9giques, cibl\u00e9es et mesurables sur [&hellip;]<\/p>","protected":false},"author":1,"featured_media":0,"parent":0,"menu_order":0,"comment_status":"closed","ping_status":"closed","template":"","meta":{"_eb_attr":"","_uag_custom_page_level_css":"","site-sidebar-layout":"no-sidebar","site-content-layout":"page-builder","ast-site-content-layout":"full-width-container","site-content-style":"default","site-sidebar-style":"default","ast-global-header-display":"","ast-banner-title-visibility":"","ast-main-header-display":"","ast-hfb-above-header-display":"","ast-hfb-below-header-display":"","ast-hfb-mobile-header-display":"","site-post-title":"disabled","ast-breadcrumbs-content":"","ast-featured-img":"disabled","footer-sml-layout":"","theme-transparent-header-meta":"","adv-header-id-meta":"","stick-header-meta":"","header-above-stick-meta":"","header-main-stick-meta":"","header-below-stick-meta":"","astra-migrate-meta-layouts":"set","ast-page-background-enabled":"default","ast-page-background-meta":{"desktop":{"background-color":"","background-image":"","background-repeat":"repeat","background-position":"center center","background-size":"auto","background-attachment":"scroll","background-type":"","background-media":"","overlay-type":"","overlay-color":"","overlay-opacity":"","overlay-gradient":""},"tablet":{"background-color":"","background-image":"","background-repeat":"repeat","background-position":"center center","background-size":"auto","background-attachment":"scroll","background-type":"","background-media":"","overlay-type":"","overlay-color":"","overlay-opacity":"","overlay-gradient":""},"mobile":{"background-color":"","background-image":"","background-repeat":"repeat","background-position":"center center","background-size":"auto","background-attachment":"scroll","background-type":"","background-media":"","overlay-type":"","overlay-color":"","overlay-opacity":"","overlay-gradient":""}},"ast-content-background-meta":{"desktop":{"background-color":"var(--ast-global-color-5)","background-image":"","background-repeat":"repeat","background-position":"center center","background-size":"auto","background-attachment":"scroll","background-type":"","background-media":"","overlay-type":"","overlay-color":"","overlay-opacity":"","overlay-gradient":""},"tablet":{"background-color":"var(--ast-global-color-5)","background-image":"","background-repeat":"repeat","background-position":"center center","background-size":"auto","background-attachment":"scroll","background-type":"","background-media":"","overlay-type":"","overlay-color":"","overlay-opacity":"","overlay-gradient":""},"mobile":{"background-color":"var(--ast-global-color-5)","background-image":"","background-repeat":"repeat","background-position":"center center","background-size":"auto","background-attachment":"scroll","background-type":"","background-media":"","overlay-type":"","overlay-color":"","overlay-opacity":"","overlay-gradient":""}},"footnotes":""},"class_list":["post-3039","page","type-page","status-publish","hentry"],"yoast_head":"<!-- This site is optimized with the Yoast SEO Premium plugin v25.3.1 (Yoast SEO v25.3.1) - https:\/\/yoast.com\/wordpress\/plugins\/seo\/ -->\n<title>La publicit\u00e9 en ligne - Smart Agency<\/title>\n<meta name=\"robots\" content=\"index, follow, max-snippet:-1, max-image-preview:large, max-video-preview:-1\" \/>\n<link rel=\"canonical\" href=\"https:\/\/smartagency.site\/fr\/la-publicite-en-ligne\/\" \/>\n<meta property=\"og:locale\" content=\"fr_FR\" \/>\n<meta property=\"og:type\" content=\"article\" \/>\n<meta property=\"og:title\" content=\"La publicit\u00e9 en ligne\" \/>\n<meta property=\"og:description\" content=\"Publicit\u00e9 en ligne Acc\u00e9l\u00e9rez votre croissance gr\u00e2ce \u00e0 des campagnes digitales performantes. Dans un environnement digital en constante \u00e9volution, la publicit\u00e9 en ligne est l\u2019un des leviers les plus puissants pour d\u00e9velopper votre visibilit\u00e9, g\u00e9n\u00e9rer des leads qualifi\u00e9s et augmenter vos ventes. Chez Smart Agency, nous concevons des campagnes publicitaires strat\u00e9giques, cibl\u00e9es et mesurables sur [&hellip;]\" \/>\n<meta property=\"og:url\" content=\"https:\/\/smartagency.site\/fr\/la-publicite-en-ligne\/\" \/>\n<meta property=\"og:site_name\" content=\"Smart Agency\" \/>\n<meta property=\"article:modified_time\" content=\"2025-07-08T20:06:30+00:00\" \/>\n<meta property=\"og:image\" content=\"https:\/\/smartagency.site\/wp-content\/uploads\/2025\/07\/8a5052544bf3a93c735103b1d9ad0b15.jpg\" \/>\n\t<meta property=\"og:image:width\" content=\"735\" \/>\n\t<meta property=\"og:image:height\" content=\"490\" \/>\n\t<meta property=\"og:image:type\" content=\"image\/jpeg\" \/>\n<meta name=\"twitter:card\" content=\"summary_large_image\" \/>\n<meta name=\"twitter:label1\" content=\"Dur\u00e9e de lecture estim\u00e9e\" \/>\n\t<meta name=\"twitter:data1\" content=\"1 minute\" \/>\n<script type=\"application\/ld+json\" class=\"yoast-schema-graph\">{\"@context\":\"https:\/\/schema.org\",\"@graph\":[{\"@type\":\"WebPage\",\"@id\":\"https:\/\/smartagency.site\/la-publicite-en-ligne\/\",\"url\":\"https:\/\/smartagency.site\/la-publicite-en-ligne\/\",\"name\":\"La publicit\u00e9 en ligne - Smart Agency\",\"isPartOf\":{\"@id\":\"https:\/\/smartagency.site\/#website\"},\"primaryImageOfPage\":{\"@id\":\"https:\/\/smartagency.site\/la-publicite-en-ligne\/#primaryimage\"},\"image\":{\"@id\":\"https:\/\/smartagency.site\/la-publicite-en-ligne\/#primaryimage\"},\"thumbnailUrl\":\"https:\/\/smartagency.site\/wp-content\/uploads\/2025\/07\/8a5052544bf3a93c735103b1d9ad0b15.jpg\",\"datePublished\":\"2025-06-26T19:17:20+00:00\",\"dateModified\":\"2025-07-08T20:06:30+00:00\",\"breadcrumb\":{\"@id\":\"https:\/\/smartagency.site\/la-publicite-en-ligne\/#breadcrumb\"},\"inLanguage\":\"fr-FR\",\"potentialAction\":[{\"@type\":\"ReadAction\",\"target\":[\"https:\/\/smartagency.site\/la-publicite-en-ligne\/\"]}]},{\"@type\":\"ImageObject\",\"inLanguage\":\"fr-FR\",\"@id\":\"https:\/\/smartagency.site\/la-publicite-en-ligne\/#primaryimage\",\"url\":\"https:\/\/smartagency.site\/wp-content\/uploads\/2025\/07\/8a5052544bf3a93c735103b1d9ad0b15.jpg\",\"contentUrl\":\"https:\/\/smartagency.site\/wp-content\/uploads\/2025\/07\/8a5052544bf3a93c735103b1d9ad0b15.jpg\"},{\"@type\":\"BreadcrumbList\",\"@id\":\"https:\/\/smartagency.site\/la-publicite-en-ligne\/#breadcrumb\",\"itemListElement\":[{\"@type\":\"ListItem\",\"position\":1,\"name\":\"Home\",\"item\":\"https:\/\/smartagency.site\/\"},{\"@type\":\"ListItem\",\"position\":2,\"name\":\"La publicit\u00e9 en ligne\"}]},{\"@type\":\"WebSite\",\"@id\":\"https:\/\/smartagency.site\/#website\",\"url\":\"https:\/\/smartagency.site\/\",\"name\":\"Smart Agency\",\"description\":\"Smart Agency Website\",\"publisher\":{\"@id\":\"https:\/\/smartagency.site\/#organization\"},\"potentialAction\":[{\"@type\":\"SearchAction\",\"target\":{\"@type\":\"EntryPoint\",\"urlTemplate\":\"https:\/\/smartagency.site\/?s={search_term_string}\"},\"query-input\":{\"@type\":\"PropertyValueSpecification\",\"valueRequired\":true,\"valueName\":\"search_term_string\"}}],\"inLanguage\":\"fr-FR\"},{\"@type\":\"Organization\",\"@id\":\"https:\/\/smartagency.site\/#organization\",\"name\":\"Smart Agency\",\"url\":\"https:\/\/smartagency.site\/\",\"logo\":{\"@type\":\"ImageObject\",\"inLanguage\":\"fr-FR\",\"@id\":\"https:\/\/smartagency.site\/#\/schema\/logo\/image\/\",\"url\":\"https:\/\/smartagency.site\/wp-content\/uploads\/2025\/07\/cropped-Ajouter_un_sous-titre__4_-removebg-preview.png\",\"contentUrl\":\"https:\/\/smartagency.site\/wp-content\/uploads\/2025\/07\/cropped-Ajouter_un_sous-titre__4_-removebg-preview.png\",\"width\":446,\"height\":150,\"caption\":\"Smart Agency\"},\"image\":{\"@id\":\"https:\/\/smartagency.site\/#\/schema\/logo\/image\/\"}}]}<\/script>\n<!-- \/ Yoast SEO Premium plugin. -->","yoast_head_json":{"title":"La publicit\u00e9 en ligne - Smart Agency","robots":{"index":"index","follow":"follow","max-snippet":"max-snippet:-1","max-image-preview":"max-image-preview:large","max-video-preview":"max-video-preview:-1"},"canonical":"https:\/\/smartagency.site\/fr\/la-publicite-en-ligne\/","og_locale":"fr_FR","og_type":"article","og_title":"La publicit\u00e9 en ligne","og_description":"Publicit\u00e9 en ligne Acc\u00e9l\u00e9rez votre croissance gr\u00e2ce \u00e0 des campagnes digitales performantes. Dans un environnement digital en constante \u00e9volution, la publicit\u00e9 en ligne est l\u2019un des leviers les plus puissants pour d\u00e9velopper votre visibilit\u00e9, g\u00e9n\u00e9rer des leads qualifi\u00e9s et augmenter vos ventes. Chez Smart Agency, nous concevons des campagnes publicitaires strat\u00e9giques, cibl\u00e9es et mesurables sur [&hellip;]","og_url":"https:\/\/smartagency.site\/fr\/la-publicite-en-ligne\/","og_site_name":"Smart Agency","article_modified_time":"2025-07-08T20:06:30+00:00","og_image":[{"width":735,"height":490,"url":"https:\/\/smartagency.site\/wp-content\/uploads\/2025\/07\/8a5052544bf3a93c735103b1d9ad0b15.jpg","type":"image\/jpeg"}],"twitter_card":"summary_large_image","twitter_misc":{"Dur\u00e9e de lecture estim\u00e9e":"1 minute"},"schema":{"@context":"https:\/\/schema.org","@graph":[{"@type":"WebPage","@id":"https:\/\/smartagency.site\/la-publicite-en-ligne\/","url":"https:\/\/smartagency.site\/la-publicite-en-ligne\/","name":"La publicit\u00e9 en ligne - Smart Agency","isPartOf":{"@id":"https:\/\/smartagency.site\/#website"},"primaryImageOfPage":{"@id":"https:\/\/smartagency.site\/la-publicite-en-ligne\/#primaryimage"},"image":{"@id":"https:\/\/smartagency.site\/la-publicite-en-ligne\/#primaryimage"},"thumbnailUrl":"https:\/\/smartagency.site\/wp-content\/uploads\/2025\/07\/8a5052544bf3a93c735103b1d9ad0b15.jpg","datePublished":"2025-06-26T19:17:20+00:00","dateModified":"2025-07-08T20:06:30+00:00","breadcrumb":{"@id":"https:\/\/smartagency.site\/la-publicite-en-ligne\/#breadcrumb"},"inLanguage":"fr-FR","potentialAction":[{"@type":"ReadAction","target":["https:\/\/smartagency.site\/la-publicite-en-ligne\/"]}]},{"@type":"ImageObject","inLanguage":"fr-FR","@id":"https:\/\/smartagency.site\/la-publicite-en-ligne\/#primaryimage","url":"https:\/\/smartagency.site\/wp-content\/uploads\/2025\/07\/8a5052544bf3a93c735103b1d9ad0b15.jpg","contentUrl":"https:\/\/smartagency.site\/wp-content\/uploads\/2025\/07\/8a5052544bf3a93c735103b1d9ad0b15.jpg"},{"@type":"BreadcrumbList","@id":"https:\/\/smartagency.site\/la-publicite-en-ligne\/#breadcrumb","itemListElement":[{"@type":"ListItem","position":1,"name":"Home","item":"https:\/\/smartagency.site\/"},{"@type":"ListItem","position":2,"name":"La publicit\u00e9 en ligne"}]},{"@type":"WebSite","@id":"https:\/\/smartagency.site\/#website","url":"https:\/\/smartagency.site\/","name":"Smart Agency","description":"Smart Agency Website","publisher":{"@id":"https:\/\/smartagency.site\/#organization"},"potentialAction":[{"@type":"SearchAction","target":{"@type":"EntryPoint","urlTemplate":"https:\/\/smartagency.site\/?s={search_term_string}"},"query-input":{"@type":"PropertyValueSpecification","valueRequired":true,"valueName":"search_term_string"}}],"inLanguage":"fr-FR"},{"@type":"Organization","@id":"https:\/\/smartagency.site\/#organization","name":"Smart Agency","url":"https:\/\/smartagency.site\/","logo":{"@type":"ImageObject","inLanguage":"fr-FR","@id":"https:\/\/smartagency.site\/#\/schema\/logo\/image\/","url":"https:\/\/smartagency.site\/wp-content\/uploads\/2025\/07\/cropped-Ajouter_un_sous-titre__4_-removebg-preview.png","contentUrl":"https:\/\/smartagency.site\/wp-content\/uploads\/2025\/07\/cropped-Ajouter_un_sous-titre__4_-removebg-preview.png","width":446,"height":150,"caption":"Smart Agency"},"image":{"@id":"https:\/\/smartagency.site\/#\/schema\/logo\/image\/"}}]}},"uagb_featured_image_src":{"full":false,"thumbnail":false,"medium":false,"medium_large":false,"large":false,"1536x1536":false,"2048x2048":false,"trp-custom-language-flag":false,"woocommerce_thumbnail":false,"woocommerce_single":false,"woocommerce_gallery_thumbnail":false},"uagb_author_info":{"display_name":"uness","author_link":"https:\/\/smartagency.site\/fr\/author\/uness\/"},"uagb_comment_info":0,"uagb_excerpt":"Publicit\u00e9 en ligne Acc\u00e9l\u00e9rez votre croissance gr\u00e2ce \u00e0 des campagnes digitales performantes. Dans un environnement digital en constante \u00e9volution, la publicit\u00e9 en ligne est l\u2019un des leviers les plus puissants pour d\u00e9velopper votre visibilit\u00e9, g\u00e9n\u00e9rer des leads qualifi\u00e9s et augmenter vos ventes. Chez Smart Agency, nous concevons des campagnes publicitaires strat\u00e9giques, cibl\u00e9es et mesurables sur\u2026","_links":{"self":[{"href":"https:\/\/smartagency.site\/fr\/wp-json\/wp\/v2\/pages\/3039","targetHints":{"allow":["GET"]}}],"collection":[{"href":"https:\/\/smartagency.site\/fr\/wp-json\/wp\/v2\/pages"}],"about":[{"href":"https:\/\/smartagency.site\/fr\/wp-json\/wp\/v2\/types\/page"}],"author":[{"embeddable":true,"href":"https:\/\/smartagency.site\/fr\/wp-json\/wp\/v2\/users\/1"}],"replies":[{"embeddable":true,"href":"https:\/\/smartagency.site\/fr\/wp-json\/wp\/v2\/comments?post=3039"}],"version-history":[{"count":5,"href":"https:\/\/smartagency.site\/fr\/wp-json\/wp\/v2\/pages\/3039\/revisions"}],"predecessor-version":[{"id":3450,"href":"https:\/\/smartagency.site\/fr\/wp-json\/wp\/v2\/pages\/3039\/revisions\/3450"}],"wp:attachment":[{"href":"https:\/\/smartagency.site\/fr\/wp-json\/wp\/v2\/media?parent=3039"}],"curies":[{"name":"wp","href":"https:\/\/api.w.org\/{rel}","templated":true}]}}